{"id":15524,"date":"2021-04-18T18:06:02","date_gmt":"2021-04-18T18:06:02","guid":{"rendered":"http:\/\/web.cnz.org.ar\/?page_id=15524"},"modified":"2021-05-23T14:25:19","modified_gmt":"2021-05-23T14:25:19","slug":"infraestructura","status":"publish","type":"page","link":"https:\/\/web.cnz.org.ar\/?page_id=15524","title":{"rendered":"Infraestructura"},"content":{"rendered":"\n<div class=\"wp-block-group\"><div class=\"wp-block-group__inner-container is-layout-flow wp-block-group-is-layout-flow\">\n<h2 class=\"has-text-color wp-block-heading\" style=\"color:#ba0c49;font-size:38px\"><\/h2>\n\n\n\n<div class=\"wp-block-columns is-layout-flex wp-container-core-columns-is-layout-9d6595d7 wp-block-columns-is-layout-flex\">\n<div class=\"wp-block-column is-layout-flow wp-block-column-is-layout-flow\">\n<p><span class=\"has-inline-color has-gridlove-highlight-bg-color\"><strong>Sal\u00f3n de eventos<\/strong><br><\/span>250 personas<\/p>\n\n\n\n<p><strong><span class=\"has-inline-color has-gridlove-highlight-bg-color\">Resto bar<br><\/span><\/strong>100 personas<\/p>\n\n\n\n<p><strong><span class=\"has-inline-color has-gridlove-highlight-bg-color\">SUM deportivo<br><\/span><\/strong>300 m\u00b2<\/p>\n\n\n\n<p><strong><span class=\"has-inline-color has-gridlove-highlight-bg-color\">Estadio cubierto<br><\/span><\/strong>1.850 personas<\/p>\n\n\n\n<p><strong><span class=\"has-inline-color has-gridlove-highlight-bg-color\">Play\u00f3n deportivo<br><\/span><\/strong>900 m\u00b2 piso pl\u00e1stico<\/p>\n<\/div>\n\n\n\n<div class=\"wp-block-column is-layout-flow wp-block-column-is-layout-flow\">\n<p><strong><span class=\"has-inline-color has-gridlove-highlight-bg-color\">Cancha sint\u00e9tica<br><\/span><\/strong>32 \u00d7 16 m<\/p>\n\n\n\n<p><strong><span class=\"has-inline-color has-gridlove-highlight-bg-color\">Complejo natatorio<br><\/span><\/strong>2 piletas climatizadas<br>1 pileta recreativa<br>Solarium<\/p>\n\n\n\n<p><strong><span class=\"has-inline-color has-gridlove-highlight-bg-color\">Sector camping<br><\/span><\/strong>3 quinchos cubiertos<br>1 quincho descubierto<\/p>\n\n\n\n<p><strong><span class=\"has-inline-color has-gridlove-highlight-bg-color\">2 d\u00e1rsenas<br><\/span><\/strong>88 barcos privados<br>Guarder\u00eda de botes<\/p>\n<\/div>\n<\/div>\n<\/div><\/div>\n\n\n\n<hr class=\"wp-block-separator is-style-wide\"\/>\n\n\n[tf_numbers name=&#8221;infraestructura&#8221;]\n\n\n\n<figure class=\"wp-block-image size-large\"><img loading=\"lazy\" decoding=\"async\" width=\"989\" height=\"1024\" src=\"https:\/\/web.cnz.org.ar\/wp-content\/uploads\/2021\/04\/infraestructura-1-989x1024.png\" alt=\"\" class=\"wp-image-15545\" srcset=\"https:\/\/web.cnz.org.ar\/wp-content\/uploads\/2021\/04\/infraestructura-1-989x1024.png 989w, https:\/\/web.cnz.org.ar\/wp-content\/uploads\/2021\/04\/infraestructura-1-290x300.png 290w, https:\/\/web.cnz.org.ar\/wp-content\/uploads\/2021\/04\/infraestructura-1-768x796.png 768w, https:\/\/web.cnz.org.ar\/wp-content\/uploads\/2021\/04\/infraestructura-1-370x383.png 370w, https:\/\/web.cnz.org.ar\/wp-content\/uploads\/2021\/04\/infraestructura-1-270x280.png 270w, https:\/\/web.cnz.org.ar\/wp-content\/uploads\/2021\/04\/infraestructura-1-570x590.png 570w, https:\/\/web.cnz.org.ar\/wp-content\/uploads\/2021\/04\/infraestructura-1-740x767.png 740w, https:\/\/web.cnz.org.ar\/wp-content\/uploads\/2021\/04\/infraestructura-1.png 1004w\" sizes=\"auto, (max-width: 989px) 100vw, 989px\" \/><\/figure>\n\n\n\n<figure class=\"wp-block-image size-large\"><img loading=\"lazy\" decoding=\"async\" width=\"1024\" height=\"768\" src=\"https:\/\/web.cnz.org.ar\/wp-content\/uploads\/2021\/05\/BE13.jpeg\" alt=\"\" class=\"wp-image-16530\" srcset=\"https:\/\/web.cnz.org.ar\/wp-content\/uploads\/2021\/05\/BE13.jpeg 1024w, https:\/\/web.cnz.org.ar\/wp-content\/uploads\/2021\/05\/BE13-300x225.jpeg 300w, https:\/\/web.cnz.org.ar\/wp-content\/uploads\/2021\/05\/BE13-768x576.jpeg 768w, https:\/\/web.cnz.org.ar\/wp-content\/uploads\/2021\/05\/BE13-370x278.jpeg 370w, https:\/\/web.cnz.org.ar\/wp-content\/uploads\/2021\/05\/BE13-270x203.jpeg 270w, https:\/\/web.cnz.org.ar\/wp-content\/uploads\/2021\/05\/BE13-570x428.jpeg 570w, https:\/\/web.cnz.org.ar\/wp-content\/uploads\/2021\/05\/BE13-740x555.jpeg 740w, https:\/\/web.cnz.org.ar\/wp-content\/uploads\/2021\/05\/BE13-80x60.jpeg 80w\" sizes=\"auto, (max-width: 1024px) 100vw, 1024px\" \/><figcaption><strong>CENTRO DE FORMACI\u00d3N N\u00c1UTICO DEPORTIVO, SOCIAL Y CULTURAL.<\/strong><\/figcaption><\/figure>\n\n\n\n\n\n<p><\/p>\n","protected":false},"excerpt":{"rendered":"<p>Sal\u00f3n de eventos250 personas Resto bar100 personas SUM deportivo300 m\u00b2 Estadio cubierto1.850 personas Play\u00f3n deportivo900 m\u00b2 piso pl\u00e1stico Cancha sint\u00e9tica32 \u00d7 16 m Complejo natatorio2 piletas climatizadas1 pileta recreativaSolarium Sector camping3 quinchos cubiertos1 quincho descubierto 2 d\u00e1rsenas88 barcos privadosGuarder\u00eda de botes<\/p>\n","protected":false},"author":1,"featured_media":15843,"parent":0,"menu_order":0,"comment_status":"closed","ping_status":"closed","template":"","meta":{"footnotes":""},"class_list":["post-15524","page","type-page","status-publish","has-post-thumbnail","hentry"],"_links":{"self":[{"href":"https:\/\/web.cnz.org.ar\/index.php?rest_route=\/wp\/v2\/pages\/15524","targetHints":{"allow":["GET"]}}],"collection":[{"href":"https:\/\/web.cnz.org.ar\/index.php?rest_route=\/wp\/v2\/pages"}],"about":[{"href":"https:\/\/web.cnz.org.ar\/index.php?rest_route=\/wp\/v2\/types\/page"}],"author":[{"embeddable":true,"href":"https:\/\/web.cnz.org.ar\/index.php?rest_route=\/wp\/v2\/users\/1"}],"replies":[{"embeddable":true,"href":"https:\/\/web.cnz.org.ar\/index.php?rest_route=%2Fwp%2Fv2%2Fcomments&post=15524"}],"version-history":[{"count":11,"href":"https:\/\/web.cnz.org.ar\/index.php?rest_route=\/wp\/v2\/pages\/15524\/revisions"}],"predecessor-version":[{"id":16531,"href":"https:\/\/web.cnz.org.ar\/index.php?rest_route=\/wp\/v2\/pages\/15524\/revisions\/16531"}],"wp:featuredmedia":[{"embeddable":true,"href":"https:\/\/web.cnz.org.ar\/index.php?rest_route=\/wp\/v2\/media\/15843"}],"wp:attachment":[{"href":"https:\/\/web.cnz.org.ar\/index.php?rest_route=%2Fwp%2Fv2%2Fmedia&parent=15524"}],"curies":[{"name":"wp","href":"https:\/\/api.w.org\/{rel}","templated":true}]}}