{"id":15563,"date":"2021-04-19T23:47:27","date_gmt":"2021-04-19T23:47:27","guid":{"rendered":"http:\/\/web.cnz.org.ar\/?page_id=15563"},"modified":"2025-12-01T12:51:12","modified_gmt":"2025-12-01T12:51:12","slug":"tramites","status":"publish","type":"page","link":"https:\/\/web.cnz.org.ar\/?page_id=15563","title":{"rendered":"Tr\u00e1mites"},"content":{"rendered":"\n<p>A continuaci\u00f3n publicamos un listado de formularios para la realizaci\u00f3n de diferentes tr\u00e1mites comunes.<\/p>\n\n\n<a class=\"mks_button mks_button_large rounded\" href=\"https:\/\/web.cnz.org.ar\/tramites\/ingreso.pdf\" target=\"_self\" style=\"color: #004c97; background-color: #FFFFFF;\" ><i class=\"fa fa-download\"><\/i>Solicitud de Ingreso<\/a>\n\n\n\n<hr class=\"wp-block-separator has-css-opacity is-style-wide\"\/>\n\n\n<a class=\"mks_button mks_button_large rounded\" href=\"https:\/\/web.cnz.org.ar\/wp-content\/uploads\/2021\/04\/ingreso_infantil.pdf\" target=\"_self\" style=\"color: #004c97; background-color: #FFFFFF;\" ><i class=\"fa fa-download\"><\/i>Solicitud de Ingreso Socio Infantil<\/a>\n\n\n\n<hr class=\"wp-block-separator has-css-opacity is-style-wide\"\/>\n\n\n<a class=\"mks_button mks_button_large rounded\" href=\"https:\/\/web.cnz.org.ar\/tramites\/ingreso_visitas.pdf\" target=\"_self\" style=\"color: #004c97; background-color: #FFFFFF;\" ><i class=\"fa fa-download\"><\/i>Solicitud de Ingreso Visitas<\/a>\n\n\n\n<hr class=\"wp-block-separator has-css-opacity is-style-wide\"\/>\n\n\n<a class=\"mks_button mks_button_large rounded\" href=\"https:\/\/web.cnz.org.ar\/wp-content\/uploads\/2021\/04\/ingreso_guarderia.pdf\" target=\"_self\" style=\"color: #004c97; background-color: #FFFFFF;\" ><i class=\"fa fa-download\"><\/i>Solicitud de Ingreso a Guarder\u00eda<\/a>\n\n\n\n<hr class=\"wp-block-separator has-css-opacity is-style-wide\"\/>\n\n\n<a class=\"mks_button mks_button_large rounded\" href=\"https:\/\/web.cnz.org.ar\/wp-content\/uploads\/2021\/04\/rol_salida_embarcaciones.pdf\" target=\"_self\" style=\"color: #004c97; background-color: #FFFFFF;\" ><i class=\"fa fa-download\"><\/i>Rol de Salida de Embarcaciones<\/a>\n\n\n\n<hr class=\"wp-block-separator has-css-opacity is-style-wide\"\/>\n\n\n<a class=\"mks_button mks_button_large rounded\" href=\"https:\/\/www.argentina.gob.ar\/despacho-de-embarcaciones-deportivas\" target=\"_self\" style=\"color: #004c97; background-color: #FFFFFF;\" ><i class=\"fa fa-chevron-right\"><\/i>Despacho de Embarcaciones Deportivas<\/a>\n\n\n\n<hr class=\"wp-block-separator has-alpha-channel-opacity is-style-wide\"\/>\n\n\n<a class=\"mks_button mks_button_large rounded\" href=\"https:\/\/web.cnz.org.ar\/wp-content\/uploads\/2023\/11\/circulo_cerrado_popota.pdf\" target=\"_self\" style=\"color: #004c97; background-color: #FFFFFF;\" ><i class=\"fa fa-chevron-right\"><\/i>C\u00edrculo Cerrado Popota<\/a>\n","protected":false},"excerpt":{"rendered":"<p>A continuaci\u00f3n publicamos un listado de formularios para la realizaci\u00f3n de diferentes tr\u00e1mites comunes.<\/p>\n","protected":false},"author":1,"featured_media":16444,"parent":0,"menu_order":0,"comment_status":"closed","ping_status":"closed","template":"","meta":{"footnotes":""},"class_list":["post-15563","page","type-page","status-publish","has-post-thumbnail","hentry"],"_links":{"self":[{"href":"https:\/\/web.cnz.org.ar\/index.php?rest_route=\/wp\/v2\/pages\/15563","targetHints":{"allow":["GET"]}}],"collection":[{"href":"https:\/\/web.cnz.org.ar\/index.php?rest_route=\/wp\/v2\/pages"}],"about":[{"href":"https:\/\/web.cnz.org.ar\/index.php?rest_route=\/wp\/v2\/types\/page"}],"author":[{"embeddable":true,"href":"https:\/\/web.cnz.org.ar\/index.php?rest_route=\/wp\/v2\/users\/1"}],"replies":[{"embeddable":true,"href":"https:\/\/web.cnz.org.ar\/index.php?rest_route=%2Fwp%2Fv2%2Fcomments&post=15563"}],"version-history":[{"count":11,"href":"https:\/\/web.cnz.org.ar\/index.php?rest_route=\/wp\/v2\/pages\/15563\/revisions"}],"predecessor-version":[{"id":20089,"href":"https:\/\/web.cnz.org.ar\/index.php?rest_route=\/wp\/v2\/pages\/15563\/revisions\/20089"}],"wp:featuredmedia":[{"embeddable":true,"href":"https:\/\/web.cnz.org.ar\/index.php?rest_route=\/wp\/v2\/media\/16444"}],"wp:attachment":[{"href":"https:\/\/web.cnz.org.ar\/index.php?rest_route=%2Fwp%2Fv2%2Fmedia&parent=15563"}],"curies":[{"name":"wp","href":"https:\/\/api.w.org\/{rel}","templated":true}]}}