{"id":15717,"date":"2021-04-25T23:32:41","date_gmt":"2021-04-25T23:32:41","guid":{"rendered":"http:\/\/web.cnz.org.ar\/?page_id=15717"},"modified":"2021-04-25T23:32:43","modified_gmt":"2021-04-25T23:32:43","slug":"obras","status":"publish","type":"page","link":"https:\/\/web.cnz.org.ar\/?page_id=15717","title":{"rendered":"Obras"},"content":{"rendered":"\n<p>En los \u00faltimos a\u00f1os, gracias al aporte de la masa societaria y una buena administraci\u00f3n, hemos podido lograr y realizar en la instituci\u00f3n obras de vanguardia, que enaltecen y muestran un gran crecimiento de infraestructura.<\/p>\n","protected":false},"excerpt":{"rendered":"<p>En los \u00faltimos a\u00f1os, gracias al aporte de la masa societaria y una buena administraci\u00f3n, hemos podido lograr y realizar en la instituci\u00f3n obras de vanguardia, que enaltecen y muestran un gran crecimiento de infraestructura.<\/p>\n","protected":false},"author":1,"featured_media":15718,"parent":0,"menu_order":0,"comment_status":"closed","ping_status":"closed","template":"","meta":{"footnotes":""},"class_list":["post-15717","page","type-page","status-publish","has-post-thumbnail","hentry"],"_links":{"self":[{"href":"https:\/\/web.cnz.org.ar\/index.php?rest_route=\/wp\/v2\/pages\/15717","targetHints":{"allow":["GET"]}}],"collection":[{"href":"https:\/\/web.cnz.org.ar\/index.php?rest_route=\/wp\/v2\/pages"}],"about":[{"href":"https:\/\/web.cnz.org.ar\/index.php?rest_route=\/wp\/v2\/types\/page"}],"author":[{"embeddable":true,"href":"https:\/\/web.cnz.org.ar\/index.php?rest_route=\/wp\/v2\/users\/1"}],"replies":[{"embeddable":true,"href":"https:\/\/web.cnz.org.ar\/index.php?rest_route=%2Fwp%2Fv2%2Fcomments&post=15717"}],"version-history":[{"count":1,"href":"https:\/\/web.cnz.org.ar\/index.php?rest_route=\/wp\/v2\/pages\/15717\/revisions"}],"predecessor-version":[{"id":15719,"href":"https:\/\/web.cnz.org.ar\/index.php?rest_route=\/wp\/v2\/pages\/15717\/revisions\/15719"}],"wp:featuredmedia":[{"embeddable":true,"href":"https:\/\/web.cnz.org.ar\/index.php?rest_route=\/wp\/v2\/media\/15718"}],"wp:attachment":[{"href":"https:\/\/web.cnz.org.ar\/index.php?rest_route=%2Fwp%2Fv2%2Fmedia&parent=15717"}],"curies":[{"name":"wp","href":"https:\/\/api.w.org\/{rel}","templated":true}]}}