{"id":16656,"date":"2021-06-03T01:21:57","date_gmt":"2021-06-03T01:21:57","guid":{"rendered":"https:\/\/cnz.org.ar\/?page_id=16656"},"modified":"2021-07-06T17:34:40","modified_gmt":"2021-07-06T17:34:40","slug":"subastas","status":"publish","type":"page","link":"https:\/\/web.cnz.org.ar\/?page_id=16656","title":{"rendered":"Actualizaci\u00f3n de datos"},"content":{"rendered":"\n<p>El aislamiento social, preventivo y obligatorio dej\u00f3 a la vista la importancia de mantenernos comunicados y en contacto permanente. Esto impuls\u00f3 la necesidad desde nuestra Instituci\u00f3n, de actualizar la informaci\u00f3n de contacto con nuestros socios para mantenerlos al tanto de las iniciativas que surgen en todo momento.<\/p>\n\n\n\n<p>Es por esto que lanzamos la Campa\u00f1a de \u201cActualizaci\u00f3n de Datos\u201d. De esta manera, cada socio podr\u00e1 cargar en el formulario sus datos actualizados y as\u00ed mantener contacto constante con todas las novedades de nuestro Club.<\/p>\n\n\n\n<p>El mantenernos informados, en contacto y con las novedades m\u00e1s importantes del Club es sumamente importante para llevar una relaci\u00f3n m\u00e1s directa y fluida con la masa societaria.<\/p>\n\n\n\n<p>Por favor, ingres\u00e1 y complet\u00e1 el siguiente formulario para seguir mejorando nuestra comunicaci\u00f3n.<\/p>\n\n\n\n<p>Es por esto que lanzamos la Campa\u00f1a de \u201cActualizaci\u00f3n de Datos\u201d. De esta manera, cada socio podr\u00e1 cargar en el formulario sus datos actualizados y as\u00ed mantener contacto constante con todas las novedades de nuestro Club.<\/p>\n\n\n\n<p>El mantenernos informados, en contacto y con las novedades m\u00e1s importantes del Club es sumamente importante para llevar una relaci\u00f3n m\u00e1s directa y fluida con la masa societaria.<\/p>\n\n\n\n<p>Por favor, ingres\u00e1 y complet\u00e1 el siguiente formulario para seguir mejorando nuestra comunicaci\u00f3n.<\/p>\n\n\n\n<p><\/p>\n\n\n\n\n\n<p><\/p>\n","protected":false},"excerpt":{"rendered":"<p>El aislamiento social, preventivo y obligatorio dej\u00f3 a la vista la importancia de mantenernos comunicados y en contacto permanente. Esto impuls\u00f3 la necesidad desde nuestra Instituci\u00f3n, de actualizar la informaci\u00f3n de contacto con nuestros socios para mantenerlos al tanto de las iniciativas que surgen en todo momento. Es por esto que lanzamos la Campa\u00f1a de [&hellip;]<\/p>\n","protected":false},"author":1,"featured_media":17071,"parent":0,"menu_order":0,"comment_status":"closed","ping_status":"closed","template":"","meta":{"footnotes":""},"class_list":["post-16656","page","type-page","status-publish","has-post-thumbnail","hentry"],"_links":{"self":[{"href":"https:\/\/web.cnz.org.ar\/index.php?rest_route=\/wp\/v2\/pages\/16656","targetHints":{"allow":["GET"]}}],"collection":[{"href":"https:\/\/web.cnz.org.ar\/index.php?rest_route=\/wp\/v2\/pages"}],"about":[{"href":"https:\/\/web.cnz.org.ar\/index.php?rest_route=\/wp\/v2\/types\/page"}],"author":[{"embeddable":true,"href":"https:\/\/web.cnz.org.ar\/index.php?rest_route=\/wp\/v2\/users\/1"}],"replies":[{"embeddable":true,"href":"https:\/\/web.cnz.org.ar\/index.php?rest_route=%2Fwp%2Fv2%2Fcomments&post=16656"}],"version-history":[{"count":26,"href":"https:\/\/web.cnz.org.ar\/index.php?rest_route=\/wp\/v2\/pages\/16656\/revisions"}],"predecessor-version":[{"id":17089,"href":"https:\/\/web.cnz.org.ar\/index.php?rest_route=\/wp\/v2\/pages\/16656\/revisions\/17089"}],"wp:featuredmedia":[{"embeddable":true,"href":"https:\/\/web.cnz.org.ar\/index.php?rest_route=\/wp\/v2\/media\/17071"}],"wp:attachment":[{"href":"https:\/\/web.cnz.org.ar\/index.php?rest_route=%2Fwp%2Fv2%2Fmedia&parent=16656"}],"curies":[{"name":"wp","href":"https:\/\/api.w.org\/{rel}","templated":true}]}}