{"id":17787,"date":"2021-10-12T20:55:44","date_gmt":"2021-10-12T20:55:44","guid":{"rendered":"https:\/\/cnz.org.ar\/?page_id=17787"},"modified":"2023-10-23T16:47:53","modified_gmt":"2023-10-23T16:47:53","slug":"encuentro-de-escuela-de-sup","status":"publish","type":"page","link":"https:\/\/web.cnz.org.ar\/?page_id=17787","title":{"rendered":"Encuentro de Escuelas de SUP"},"content":{"rendered":"\n<p>En disputa &#8220;Copa 94\u00b0 Aniversario Club N\u00e1utico Z\u00e1rate&#8221;.<\/p>\n\n\n\n<p>Formulario obligatorio a completar para la participaci\u00f3n del Encuentro de Escuelas de SUP que organiza el Club N\u00e1utico Z\u00e1rate el s\u00e1bado 11 de Noviembre de 2023.<\/p>\n\n\n\n<p><strong>Horario de inscripci\u00f3n:<\/strong> El d\u00eda de la competencia a 09.00hs en el Club.<\/p>\n\n\n\n<p><strong>Valor de la inscripci\u00f3n:<\/strong> $4.000 adultos y $2.000 kids (En caso de corre otra Categor\u00eda se abona el 50% adicional).<\/p>\n\n\n\n<p><strong>Acompa\u00f1antes al evento: <\/strong>$500 (No Socios).<\/p>\n\n\n\n<figure class=\"wp-block-image size-large\"><img loading=\"lazy\" decoding=\"async\" width=\"1024\" height=\"1024\" src=\"https:\/\/web.cnz.org.ar\/wp-content\/uploads\/2023\/10\/SUP-1024x1024.png\" alt=\"\" class=\"wp-image-19969\" srcset=\"https:\/\/web.cnz.org.ar\/wp-content\/uploads\/2023\/10\/SUP-1024x1024.png 1024w, https:\/\/web.cnz.org.ar\/wp-content\/uploads\/2023\/10\/SUP-300x300.png 300w, https:\/\/web.cnz.org.ar\/wp-content\/uploads\/2023\/10\/SUP-150x150.png 150w, https:\/\/web.cnz.org.ar\/wp-content\/uploads\/2023\/10\/SUP-768x768.png 768w, https:\/\/web.cnz.org.ar\/wp-content\/uploads\/2023\/10\/SUP-370x370.png 370w, https:\/\/web.cnz.org.ar\/wp-content\/uploads\/2023\/10\/SUP-270x270.png 270w, https:\/\/web.cnz.org.ar\/wp-content\/uploads\/2023\/10\/SUP-570x570.png 570w, https:\/\/web.cnz.org.ar\/wp-content\/uploads\/2023\/10\/SUP-740x740.png 740w, https:\/\/web.cnz.org.ar\/wp-content\/uploads\/2023\/10\/SUP.png 1080w\" sizes=\"auto, (max-width: 1024px) 100vw, 1024px\" \/><\/figure>\n\n\n","protected":false},"excerpt":{"rendered":"<p>En disputa &#8220;Copa 94\u00b0 Aniversario Club N\u00e1utico Z\u00e1rate&#8221;. Formulario obligatorio a completar para la participaci\u00f3n del Encuentro de Escuelas de SUP que organiza el Club N\u00e1utico Z\u00e1rate el s\u00e1bado 11 de Noviembre de 2023. Horario de inscripci\u00f3n: El d\u00eda de la competencia a 09.00hs en el Club. Valor de la inscripci\u00f3n: $4.000 adultos y $2.000 [&hellip;]<\/p>\n","protected":false},"author":1,"featured_media":19289,"parent":0,"menu_order":0,"comment_status":"closed","ping_status":"closed","template":"","meta":{"footnotes":""},"class_list":["post-17787","page","type-page","status-publish","has-post-thumbnail","hentry"],"_links":{"self":[{"href":"https:\/\/web.cnz.org.ar\/index.php?rest_route=\/wp\/v2\/pages\/17787","targetHints":{"allow":["GET"]}}],"collection":[{"href":"https:\/\/web.cnz.org.ar\/index.php?rest_route=\/wp\/v2\/pages"}],"about":[{"href":"https:\/\/web.cnz.org.ar\/index.php?rest_route=\/wp\/v2\/types\/page"}],"author":[{"embeddable":true,"href":"https:\/\/web.cnz.org.ar\/index.php?rest_route=\/wp\/v2\/users\/1"}],"replies":[{"embeddable":true,"href":"https:\/\/web.cnz.org.ar\/index.php?rest_route=%2Fwp%2Fv2%2Fcomments&post=17787"}],"version-history":[{"count":16,"href":"https:\/\/web.cnz.org.ar\/index.php?rest_route=\/wp\/v2\/pages\/17787\/revisions"}],"predecessor-version":[{"id":19979,"href":"https:\/\/web.cnz.org.ar\/index.php?rest_route=\/wp\/v2\/pages\/17787\/revisions\/19979"}],"wp:featuredmedia":[{"embeddable":true,"href":"https:\/\/web.cnz.org.ar\/index.php?rest_route=\/wp\/v2\/media\/19289"}],"wp:attachment":[{"href":"https:\/\/web.cnz.org.ar\/index.php?rest_route=%2Fwp%2Fv2%2Fmedia&parent=17787"}],"curies":[{"name":"wp","href":"https:\/\/api.w.org\/{rel}","templated":true}]}}