{"id":261,"date":"2011-03-15T18:52:55","date_gmt":"2011-03-15T21:52:55","guid":{"rendered":"http:\/\/web.cnz.org.ar\/?page_id=261"},"modified":"2021-05-23T14:06:06","modified_gmt":"2021-05-23T14:06:06","slug":"ubicacion","status":"publish","type":"page","link":"https:\/\/web.cnz.org.ar\/?page_id=261","title":{"rendered":"Ubicaci\u00f3n"},"content":{"rendered":"\n<iframe src=\"https:\/\/www.google.com\/maps\/embed?pb=!1m14!1m12!1m3!1d3304.1308036056344!2d-59.01813348673989!3d-34.09178941687185!2m3!1f0!2f0!3f0!3m2!1i1024!2i768!4f13.1!5e0!3m2!1ses!2sar!4v1618748210024!5m2!1ses!2sar\" width=\"100%\" height=\"450\" style=\"border:0;\" allowfullscreen=\"\" loading=\"lazy\"><\/iframe>\n\n\n\n<hr class=\"wp-block-separator is-style-wide\"\/>\n\n\n\n<h3 class=\"wp-block-heading\">\u00bfC\u00f3mo llegar al CNZ en auto?<\/h3>\n\n\n\n<p><strong>Desde la Ciudad de Buenos Aires<\/strong> por ruta 9 (Panamericana ramal Escobar) hasta el km 86; doblar a la derecha 4 km hasta la rotonda de acceso e girar en la tercer salida hacia el centro de Z\u00e1rate. Se ingresa por Av. Lavalle siguiendo por la misma hasta la calle Rivadavia, doblando a la derecha se sigue bajando hacia el r\u00edo donde se encuentra el Club.<\/p>\n\n\n\n<hr class=\"wp-block-separator\"\/>\n\n\n\n<p><strong>Desde Rosario<\/strong> se llega a trav\u00e9s de la Ruta 9, accediendo por la Ruta Provincial 193 km 86 de la Ruta 9, se llega a una rotonda. Una vez en la rotonda tomar acceso a la ciudad de Z\u00e1rate (tercer salida), se ingresa por Av. Lavalle siguiendo por la misma hasta la calle Rivadavia, all\u00ed se dobla a la derecha bajando hacia el r\u00edo donde se encuentra el Club.<\/p>\n\n\n\n<hr class=\"wp-block-separator\"\/>\n\n\n\n<p><strong>Desde la provincia de Entre R\u00edos<\/strong> se accede por la Ruta 14, cruzando el Puente Z\u00e1rate Brazo Largo, se llega a la rotonda de acceso a Z\u00e1rate. Una vez en la rotonda tomar acceso a la ciudad girando a la derecha en la primer salida, se ingresa por Av. Lavalle siguiendo por la misma hasta Av. Rivadavia, doblar a la derecha bajando hacia el r\u00edo se llega al Club.<\/p>\n\n\n\n<hr class=\"wp-block-separator\"\/>\n\n\n\n<p><strong>Direcci\u00f3n:<\/strong> <span style=\"font-weight: normal;\">Rivadavia y R\u00edo Paran\u00e1.&nbsp;Z\u00e1rate, Provincia de Buenos Aires,&nbsp;Argentina.<\/span><\/p>\n\n\n\n<hr class=\"wp-block-separator is-style-wide\"\/>\n\n\n\n<h3 class=\"wp-block-heading\">\u00bfC\u00f3mo llegar al CNZ en&nbsp;\u00f3mnibus?<\/h3>\n\n\n\n<p>L\u00ednea 194 (Chevallier Metropolitana), desde Once.<\/p>\n\n\n\n<hr class=\"wp-block-separator is-style-wide\"\/>\n\n\n\n<h3 class=\"wp-block-heading\">\u00bfC\u00f3mo llegar al CNZ en tren?<\/h3>\n\n\n\n<p>TBA ex Mitre desde Retiro con combinaci\u00f3n en Villa Ballester (estaci\u00f3n Z\u00e1rate).<\/p>\n\n\n\n<hr class=\"wp-block-separator is-style-wide\"\/>\n\n\n\n<h3 class=\"wp-block-heading\">\u00bfC\u00f3mo llegar al CNZ navegando?<\/h3>\n\n\n\n<p>El Club N\u00e1utico Z\u00e1rate se encuentra ubicado sobre la margen derecha del R\u00edo Paran\u00e1 de las Palmas en el Kil\u00f3metro 108,5. Si bien la navegaci\u00f3n por el &#8220;Paran\u00e1 de las Palmas&#8221; no ofrece mayores dificultades, deben tenerse siempre presentes las generalidades del buen arte de navegar.<\/p>\n\n\n\n<figure class=\"wp-block-image size-large\"><img loading=\"lazy\" decoding=\"async\" width=\"768\" height=\"1024\" src=\"https:\/\/web.cnz.org.ar\/wp-content\/uploads\/2021\/05\/BE10-768x1024.jpeg\" alt=\"\" class=\"wp-image-16523\" srcset=\"https:\/\/web.cnz.org.ar\/wp-content\/uploads\/2021\/05\/BE10-768x1024.jpeg 768w, https:\/\/web.cnz.org.ar\/wp-content\/uploads\/2021\/05\/BE10-225x300.jpeg 225w, https:\/\/web.cnz.org.ar\/wp-content\/uploads\/2021\/05\/BE10-370x493.jpeg 370w, https:\/\/web.cnz.org.ar\/wp-content\/uploads\/2021\/05\/BE10-270x360.jpeg 270w, https:\/\/web.cnz.org.ar\/wp-content\/uploads\/2021\/05\/BE10-570x760.jpeg 570w, https:\/\/web.cnz.org.ar\/wp-content\/uploads\/2021\/05\/BE10-740x987.jpeg 740w, https:\/\/web.cnz.org.ar\/wp-content\/uploads\/2021\/05\/BE10.jpeg 960w\" sizes=\"auto, (max-width: 768px) 100vw, 768px\" \/><figcaption><strong>NUESTRO BARCO ESCUELA, EN EL CANAL DEL CLUB.<\/strong><\/figcaption><\/figure>\n\n\n\n<p>Sin Perjuicio de lo mencionado, debe tenerse en cuenta que este sector del curso navegable forma parte de la &#8220;hidrov\u00eda Paran\u00e1 \u00ad Paraguay&#8221; y es por su profundidad, la v\u00eda de navegaci\u00f3n principal para acceder a los puertos fluviales argentinos y por lo tanto existe un intenso tr\u00e1fico de buques mercantes de distinto porte con preponderancia de los grandes buques de ultramar.<\/p>\n\n\n\n<hr class=\"wp-block-separator\"\/>\n\n\n\n<p><strong>R\u00e9gimen de mareas:<\/strong> se siente la influencia de la marea del R\u00edo de la Plata con un retardo de 4 horas. Las corrientes aumentan o disminuyen de acuerdo con la crecida del R\u00edo Paran\u00e1. Con vientos el sudeste, cambia la direcci\u00f3n de la corriente. Velocidades aproximadas de creciente 2 Km\/h y de bajante 7\/9 Km\/h.<\/p>\n\n\n\n<p>Desde la Ciudad Aut\u00f3noma de Buenos Aires, en el Km 12 del Canal de Acceso se ingresa en el Canal Ingeniero Emilio Mitre dejando por babor el Destacamento Cabo Primero Braga de la Prefectura Naval Argentina (km 45,5) y en el Km 48 se ingresa al Paran\u00e1 de las Palmas donde desembocan numerosos r\u00edos, arroyos y canales que conforman el delta bonaerense.<\/p>\n\n\n\n<p>En navegaci\u00f3n aguas arriba, se observar\u00e1 por babor la boca del Canal Honda (km 52), el R\u00edo Capit\u00e1n (km 54,5), a estribor el arroyo Pay Carab\u00ed (km 56,4), la boca del Canal Arias (km 62,5) que comunica con el R\u00edo Lujan, el R\u00edo Carabelas Grande (km 68), el Puerto de Escobar sobre la margen derecha (km 71), en la misma margen (km 97) el Puerto de Campana, con los distintos muelles de las empresas all\u00ed radicadas y en la margen opuesta el canal Leandro N. Alem.<\/p>\n\n\n\n<p>Aguas arriba del Puerto de Campana se accede la &#8220;Vuelta del Este&#8221;, por babor se observar\u00e1 el muelle de la Empresa PIAPSA (km 105), en el Km 106 se franquea el Complejo Ferrovial Zarate \u00ad Brazo Largo, en la margen derecha de visualiza la Ciudad de Z\u00e1rate y su Puerto y en la margen opuesta la boca del Canal Coronel Mart\u00edn Yrigoyen (km 107,5). En el Km 108 margen derecha se encuentra el muelle de la empresa Celulosa Argentina y posteriormente se puede visualizar las instalaciones del CLUB N\u00c1UTICO Z\u00c1RATE, con el canal de acceso a sus dos<br>d\u00e1rsenas de amarre y su amplia playa de arena.<\/p>\n\n\n\n<p>Todo el trayecto de navegaci\u00f3n se encuentra se\u00f1alizado con el sistema de boyado y balizamiento IALA (Asociaci\u00f3n Internacional de Ayudas a la Navegaci\u00f3n y Se\u00f1alizaci\u00f3n Mar\u00edtima).<\/p>\n\n\n\n<figure class=\"wp-block-image size-large\"><img loading=\"lazy\" decoding=\"async\" width=\"1024\" height=\"682\" src=\"https:\/\/web.cnz.org.ar\/wp-content\/uploads\/2021\/05\/BE11.jpeg\" alt=\"\" class=\"wp-image-16525\" srcset=\"https:\/\/web.cnz.org.ar\/wp-content\/uploads\/2021\/05\/BE11.jpeg 1024w, https:\/\/web.cnz.org.ar\/wp-content\/uploads\/2021\/05\/BE11-300x200.jpeg 300w, https:\/\/web.cnz.org.ar\/wp-content\/uploads\/2021\/05\/BE11-768x512.jpeg 768w, https:\/\/web.cnz.org.ar\/wp-content\/uploads\/2021\/05\/BE11-370x246.jpeg 370w, https:\/\/web.cnz.org.ar\/wp-content\/uploads\/2021\/05\/BE11-270x180.jpeg 270w, https:\/\/web.cnz.org.ar\/wp-content\/uploads\/2021\/05\/BE11-570x380.jpeg 570w, https:\/\/web.cnz.org.ar\/wp-content\/uploads\/2021\/05\/BE11-740x493.jpeg 740w\" sizes=\"auto, (max-width: 1024px) 100vw, 1024px\" \/><figcaption><strong>LOS SOCIOS DISFRUTANDO DE LOS EVENTOS DE VERANO EN LA INSTITUCI\u00d3N.<\/strong><\/figcaption><\/figure>\n\n\n\n<hr class=\"wp-block-separator\"\/>\n\n\n\n<p>Las Estaciones Costeras de la Prefectura Naval Argentina que brindan ayuda a la navegaci\u00f3n en la traves\u00eda son:<\/p>\n\n\n\n<p><strong>Buenos Aires Prefectura Naval Radio (L2G)<\/strong><br>Servicio M\u00f3vil Mar\u00edtimo: canales 09 \u00ad 12 \u00ad 14 \u00ad 15 \u00ad 16 \u00ad 72 -77<\/p>\n\n\n\n<p><strong>Braga Prefectura Naval Radio (L5L)<br><\/strong>Servicio M\u00f3vil Mar\u00edtimo: canales 12 \u00ad 14 \u00ad 15 \u00ad 16 \u00ad 72<\/p>\n\n\n\n<p><strong>Campana Prefectura Naval Radio (L5 S)<\/strong><br>Servicio M\u00f3vil Mar\u00edtimo: canales 09 \u00ad 12 \u00ad 14 \u00ad 15 \u00ad 16 \u00ad 77<\/p>\n\n\n\n<p><strong>Z\u00e1rate Prefectura Naval Radio (L5T)<\/strong><br>Servicio M\u00f3vil Mar\u00edtimo: canales 09 \u00ad 12 \u00ad 14 \u00ad 15 \u00ad 16 \u00ad 72<\/p>\n\n\n\n<p>Asimismo, el Club cuenta con una Estaci\u00f3n de Radio cuyo indicativo de llamada es Costera N\u00e1utico Z\u00e1rate y hace escucha las 24 horas por canal 16 del Servicio M\u00f3vil Mar\u00edtimo.<\/p>\n","protected":false},"excerpt":{"rendered":"<p>\u00bfC\u00f3mo llegar al CNZ en auto? Desde la Ciudad de Buenos Aires por ruta 9 (Panamericana ramal Escobar) hasta el km 86; doblar a la derecha 4 km hasta la rotonda de acceso e girar en la tercer salida hacia el centro de Z\u00e1rate. Se ingresa por Av. Lavalle siguiendo por la misma hasta la [&hellip;]<\/p>\n","protected":false},"author":3,"featured_media":0,"parent":0,"menu_order":0,"comment_status":"closed","ping_status":"closed","template":"","meta":{"footnotes":""},"class_list":["post-261","page","type-page","status-publish","hentry"],"_links":{"self":[{"href":"https:\/\/web.cnz.org.ar\/index.php?rest_route=\/wp\/v2\/pages\/261","targetHints":{"allow":["GET"]}}],"collection":[{"href":"https:\/\/web.cnz.org.ar\/index.php?rest_route=\/wp\/v2\/pages"}],"about":[{"href":"https:\/\/web.cnz.org.ar\/index.php?rest_route=\/wp\/v2\/types\/page"}],"author":[{"embeddable":true,"href":"https:\/\/web.cnz.org.ar\/index.php?rest_route=\/wp\/v2\/users\/3"}],"replies":[{"embeddable":true,"href":"https:\/\/web.cnz.org.ar\/index.php?rest_route=%2Fwp%2Fv2%2Fcomments&post=261"}],"version-history":[{"count":7,"href":"https:\/\/web.cnz.org.ar\/index.php?rest_route=\/wp\/v2\/pages\/261\/revisions"}],"predecessor-version":[{"id":16527,"href":"https:\/\/web.cnz.org.ar\/index.php?rest_route=\/wp\/v2\/pages\/261\/revisions\/16527"}],"wp:attachment":[{"href":"https:\/\/web.cnz.org.ar\/index.php?rest_route=%2Fwp%2Fv2%2Fmedia&parent=261"}],"curies":[{"name":"wp","href":"https:\/\/api.w.org\/{rel}","templated":true}]}}