{"id":328,"date":"2011-03-28T18:34:44","date_gmt":"2011-03-28T21:34:44","guid":{"rendered":"http:\/\/web.cnz.org.ar\/?page_id=328"},"modified":"2015-06-17T15:22:07","modified_gmt":"2015-06-17T18:22:07","slug":"natacion","status":"publish","type":"page","link":"https:\/\/web.cnz.org.ar\/?page_id=328","title":{"rendered":"Nataci\u00f3n"},"content":{"rendered":"<p><img loading=\"lazy\" decoding=\"async\" class=\"alignright size-full wp-image-315\" title=\"titulo_natacion\" src=\"https:\/\/web.cnz.org.ar\/wp-content\/uploads\/2011\/03\/titulo_natacion.png\" alt=\"\" width=\"480\" height=\"228\" \/><\/p>\n<h3><span style=\"text-decoration: underline;\">Horarios<\/span><\/h3>\n<p><span style=\"text-decoration: underline;\">Pre-equipo<\/span><\/p>\n<p>Martes y Jueves 14.30 a 16.00 o 17.30 a 19.00hs<\/p>\n<p>S\u00e1bados de 09.30 a 11.00hs<\/p>\n<p><span style=\"text-decoration: underline;\">\u00a0Pre-promocionales<\/span><\/p>\n<p>Lunes, mi\u00e9rcoles y jueves de 17.30 a 19.00hs<\/p>\n<p><span style=\"text-decoration: underline;\">\u00a0Promocionales \u2013 Federados \u2013 Masters<\/span><\/p>\n<p>Lunes a Viernes 15.00 a 20.00hs<\/p>\n<p>S\u00e1bados 09.00 a 12.00hs<\/p>\n<p>Clases de nataci\u00f3n para ni\u00f1os<\/p>\n<p>Lunes, mi\u00e9rcoles y viernes de 19.15 a 20.15 hs.<\/p>\n<p>&nbsp;<\/p>\n","protected":false},"excerpt":{"rendered":"<p>Horarios Pre-equipo Martes y Jueves 14.30 a 16.00 o 17.30 a 19.00hs S\u00e1bados de 09.30 a 11.00hs \u00a0Pre-promocionales Lunes, mi\u00e9rcoles y jueves de 17.30 a 19.00hs \u00a0Promocionales \u2013 Federados \u2013 Masters Lunes a Viernes 15.00 a 20.00hs S\u00e1bados 09.00 a 12.00hs Clases de nataci\u00f3n para ni\u00f1os Lunes, mi\u00e9rcoles y viernes de 19.15 a 20.15 hs. [&hellip;]<\/p>\n","protected":false},"author":3,"featured_media":0,"parent":309,"menu_order":3,"comment_status":"closed","ping_status":"closed","template":"","meta":{"footnotes":""},"class_list":["post-328","page","type-page","status-publish","hentry"],"_links":{"self":[{"href":"https:\/\/web.cnz.org.ar\/index.php?rest_route=\/wp\/v2\/pages\/328","targetHints":{"allow":["GET"]}}],"collection":[{"href":"https:\/\/web.cnz.org.ar\/index.php?rest_route=\/wp\/v2\/pages"}],"about":[{"href":"https:\/\/web.cnz.org.ar\/index.php?rest_route=\/wp\/v2\/types\/page"}],"author":[{"embeddable":true,"href":"https:\/\/web.cnz.org.ar\/index.php?rest_route=\/wp\/v2\/users\/3"}],"replies":[{"embeddable":true,"href":"https:\/\/web.cnz.org.ar\/index.php?rest_route=%2Fwp%2Fv2%2Fcomments&post=328"}],"version-history":[{"count":13,"href":"https:\/\/web.cnz.org.ar\/index.php?rest_route=\/wp\/v2\/pages\/328\/revisions"}],"predecessor-version":[{"id":9755,"href":"https:\/\/web.cnz.org.ar\/index.php?rest_route=\/wp\/v2\/pages\/328\/revisions\/9755"}],"up":[{"embeddable":true,"href":"https:\/\/web.cnz.org.ar\/index.php?rest_route=\/wp\/v2\/pages\/309"}],"wp:attachment":[{"href":"https:\/\/web.cnz.org.ar\/index.php?rest_route=%2Fwp%2Fv2%2Fmedia&parent=328"}],"curies":[{"name":"wp","href":"https:\/\/api.w.org\/{rel}","templated":true}]}}