{"id":333,"date":"2011-03-28T18:37:06","date_gmt":"2011-03-28T21:37:06","guid":{"rendered":"http:\/\/web.cnz.org.ar\/?page_id=333"},"modified":"2021-04-29T13:40:27","modified_gmt":"2021-04-29T13:40:27","slug":"ajedrez","status":"publish","type":"page","link":"https:\/\/web.cnz.org.ar\/?page_id=333","title":{"rendered":"Ajedrez"},"content":{"rendered":"<p><img loading=\"lazy\" decoding=\"async\" class=\"size-full wp-image-318 alignright\" title=\"titulo_ajedrez\" src=\"https:\/\/web.cnz.org.ar\/wp-content\/uploads\/2011\/03\/titulo_ajedrez.png\" alt=\"\" width=\"480\" height=\"228\" \/><\/p>\n<h3>\u00a0<\/h3>\n<h3><span style=\"color: #000000;\">D\u00edas y horarios<\/span><\/h3>\n<p>Lunes, Mi\u00e9rcoles y Viernes de 16.00 a 19.00hs<\/p>\n<p><strong>Profesor:<\/strong> Fernando Romano<\/p>\n\n\n<figure class=\"wp-block-pullquote\"><blockquote><p>Promovemos la pr\u00e1ctica de este deporte ciencia en ni\u00f1os y adolescentes, apuntando a desarrollar un pensamiento cr\u00edtico, imaginativo, reflexivo y l\u00f3gico.<\/p><\/blockquote><\/figure>\n\n\n\n<p><\/p>\n","protected":false},"excerpt":{"rendered":"<p>\u00a0 D\u00edas y horarios Lunes, Mi\u00e9rcoles y Viernes de 16.00 a 19.00hs Profesor: Fernando Romano Promovemos la pr\u00e1ctica de este deporte ciencia en ni\u00f1os y adolescentes, apuntando a desarrollar un pensamiento cr\u00edtico, imaginativo, reflexivo y l\u00f3gico.<\/p>\n","protected":false},"author":3,"featured_media":0,"parent":309,"menu_order":1,"comment_status":"closed","ping_status":"closed","template":"","meta":{"footnotes":""},"class_list":["post-333","page","type-page","status-publish","hentry"],"_links":{"self":[{"href":"https:\/\/web.cnz.org.ar\/index.php?rest_route=\/wp\/v2\/pages\/333","targetHints":{"allow":["GET"]}}],"collection":[{"href":"https:\/\/web.cnz.org.ar\/index.php?rest_route=\/wp\/v2\/pages"}],"about":[{"href":"https:\/\/web.cnz.org.ar\/index.php?rest_route=\/wp\/v2\/types\/page"}],"author":[{"embeddable":true,"href":"https:\/\/web.cnz.org.ar\/index.php?rest_route=\/wp\/v2\/users\/3"}],"replies":[{"embeddable":true,"href":"https:\/\/web.cnz.org.ar\/index.php?rest_route=%2Fwp%2Fv2%2Fcomments&post=333"}],"version-history":[{"count":4,"href":"https:\/\/web.cnz.org.ar\/index.php?rest_route=\/wp\/v2\/pages\/333\/revisions"}],"predecessor-version":[{"id":15852,"href":"https:\/\/web.cnz.org.ar\/index.php?rest_route=\/wp\/v2\/pages\/333\/revisions\/15852"}],"up":[{"embeddable":true,"href":"https:\/\/web.cnz.org.ar\/index.php?rest_route=\/wp\/v2\/pages\/309"}],"wp:attachment":[{"href":"https:\/\/web.cnz.org.ar\/index.php?rest_route=%2Fwp%2Fv2%2Fmedia&parent=333"}],"curies":[{"name":"wp","href":"https:\/\/api.w.org\/{rel}","templated":true}]}}