{"id":43,"date":"2010-09-15T18:41:13","date_gmt":"2010-09-15T21:41:13","guid":{"rendered":"http:\/\/web.cnz.org.ar\/?page_id=43"},"modified":"2023-11-29T16:18:14","modified_gmt":"2023-11-29T16:18:14","slug":"historia","status":"publish","type":"page","link":"https:\/\/web.cnz.org.ar\/?page_id=43","title":{"rendered":"Historia del Club"},"content":{"rendered":"\n<figure class=\"wp-block-pullquote alignwide\"><blockquote><p><strong><em>A mediados de la d\u00e9cada 1920-30 la ciudad de Z\u00e1rate contaba con 24.000 habitantes, el desarrollo industrial era vertiginoso, y nuevas costumbres, acordes a la nueva realidad, se iban acrecentando en la sociedad local. Es en este ambiente donde va a nacer nuestra Instituci\u00f3n, teniendo como circunstancias inmediatas, las que seguidamente pasamos a comentar<\/em>.<\/strong><\/p><\/blockquote><\/figure>\n\n\n\n<p class=\"has-text-align-left\">Un grupo de j\u00f3venes que integraban Carlos Alberto, Ra\u00fal y Manuel Ru\u00edz Moreno, Amilton Miguel, Ra\u00fal y Miguel \u00c1ngel Tuculet, F\u00e9lix y Juan Domingo Ibar, se escapaban de sus hogares para ir a nadar al r\u00edo, dado que esto representaba una actividad peligrosa y no practicada. Esta travesura la llevaban a cabo precisamente donde hoy se encuentra nuestro club, pero con un ambiente natural muy distinto dado que se trataba de una barranca (hoy calle Rivadavia) de tierra gredosa con grandes huellones producido por el desague de las lluvias y zanjones a ambos lados. En el a\u00f1o 1926 fue prolongada la calle Rivadavia desde el pie de la barranca en direcci\u00f3n al r\u00edo, siendo Intendente municipal el escribano Arturo R. Noya.<\/p>\n\n\n\n<figure class=\"wp-block-image size-large\"><img loading=\"lazy\" decoding=\"async\" width=\"1024\" height=\"592\" src=\"https:\/\/web.cnz.org.ar\/wp-content\/uploads\/2021\/05\/0123-1024x592.jpeg\" alt=\"\" class=\"wp-image-16506\" srcset=\"https:\/\/web.cnz.org.ar\/wp-content\/uploads\/2021\/05\/0123-1024x592.jpeg 1024w, https:\/\/web.cnz.org.ar\/wp-content\/uploads\/2021\/05\/0123-300x173.jpeg 300w, https:\/\/web.cnz.org.ar\/wp-content\/uploads\/2021\/05\/0123-768x444.jpeg 768w, https:\/\/web.cnz.org.ar\/wp-content\/uploads\/2021\/05\/0123-370x214.jpeg 370w, https:\/\/web.cnz.org.ar\/wp-content\/uploads\/2021\/05\/0123-270x156.jpeg 270w, https:\/\/web.cnz.org.ar\/wp-content\/uploads\/2021\/05\/0123-570x329.jpeg 570w, https:\/\/web.cnz.org.ar\/wp-content\/uploads\/2021\/05\/0123-740x428.jpeg 740w, https:\/\/web.cnz.org.ar\/wp-content\/uploads\/2021\/05\/0123.jpeg 1080w\" sizes=\"auto, (max-width: 1024px) 100vw, 1024px\" \/><figcaption class=\"wp-element-caption\"><strong>LA VIEJA CASILLA DEL CLUB (ARCHIVO HIST\u00d3RICO DE LA INSTITUCI\u00d3N)<\/strong><\/figcaption><\/figure>\n\n\n\n<p><\/p>\n\n\n\n<!--more-->\n\n\n\n<p>El lado derecho de la calle, o sea lo que es hoy el predio del club, era propiedad privada, utilizada por unos italianos que habitaban una derru\u00edda casa de material que daba sobre la calle Arist\u00f3bulo del Valle, y era destinado para quinta, habi\u00e9ndose formado varios albardones para plantar dado lo inundable del terreno. Es por all\u00ed por donde el grupo de ba\u00f1istas ya comentado, pasaba para llegar al r\u00edo, previa autorizaci\u00f3n de los quinteros. Este grupo de adolescentes, fue el que instal\u00f3 una casilla de madera destinada a vestuario, y que se llam\u00f3 \u00abVilla Elena\u00bb en honor a la hermana de Manuel Ru\u00edz Moreno, qui\u00e9n gestion\u00f3 la gran caja de madera que conten\u00eda el motor diesel que hab\u00eda adquirido la Compa\u00f1\u00eda de Luz e Industrias El\u00e9ctricas, lugar donde estaba empleado, origin\u00e1ndose as\u00ed la mencionada casilla.<\/p>\n\n\n\n<figure class=\"wp-block-image size-large\"><img loading=\"lazy\" decoding=\"async\" width=\"1024\" height=\"636\" src=\"https:\/\/web.cnz.org.ar\/wp-content\/uploads\/2021\/05\/0125-1024x636.jpeg\" alt=\"\" class=\"wp-image-16509\" srcset=\"https:\/\/web.cnz.org.ar\/wp-content\/uploads\/2021\/05\/0125-1024x636.jpeg 1024w, https:\/\/web.cnz.org.ar\/wp-content\/uploads\/2021\/05\/0125-300x186.jpeg 300w, https:\/\/web.cnz.org.ar\/wp-content\/uploads\/2021\/05\/0125-768x477.jpeg 768w, https:\/\/web.cnz.org.ar\/wp-content\/uploads\/2021\/05\/0125-370x230.jpeg 370w, https:\/\/web.cnz.org.ar\/wp-content\/uploads\/2021\/05\/0125-270x168.jpeg 270w, https:\/\/web.cnz.org.ar\/wp-content\/uploads\/2021\/05\/0125-570x354.jpeg 570w, https:\/\/web.cnz.org.ar\/wp-content\/uploads\/2021\/05\/0125-740x460.jpeg 740w, https:\/\/web.cnz.org.ar\/wp-content\/uploads\/2021\/05\/0125.jpeg 1033w\" sizes=\"auto, (max-width: 1024px) 100vw, 1024px\" \/><figcaption class=\"wp-element-caption\"><strong>FOTO DEL ARCHIVO HIST\u00d3RICO DE LA INSTITUCI\u00d3N.<\/strong><\/figcaption><\/figure>\n\n\n\n<p>Otro grupo de j\u00f3venes tambi\u00e9n fue decisivo en la formaci\u00f3n del club. Era el que estaba alrededor de Francisco Caroni y de su emblem\u00e1tica embarcaci\u00f3n llamada La Popota, construida por \u00e9l, con la ayuda de Carlos Tr\u00e1pani y Jorge de los Santos alrededor de 1925, con la que sal\u00edan a navegar todos los domingos. El se\u00f1or Caroni era id\u00f3neo en farmacia, se estableci\u00f3 en Z\u00e1rate en 1922 haci\u00e9ndose cargo de la Farmacia Social de la calle 19 de Marzo y R\u00f3mulo Noya qui\u00e9n supo transmitir su apego a la n\u00e1utica a su asistente en la farmacia, Carlos Tr\u00e1pani, hasta ser \u00e9l, uno de los m\u00e1s entusiastas propulsores de la fundaci\u00f3n . Hab\u00eda otras embarcaciones de paseo, que no pasaban de ser canoas con un motor popero, como la de Ra\u00fal Palacios, Armando Micheletti, G\u00fcerino Venturini, Enrique Cracco que causaban el deleite de los muchachos en el r\u00edo. No eran los \u00fanicos que sent\u00edan atracci\u00f3n por los deportes n\u00e1uticos, tambi\u00e9n ven\u00edan del Campana Boat Club, Reynaldo Qui\u00f1ones, Francisco Tito Fonseca remando los domingos en un simple par.<\/p>\n\n\n\n<figure class=\"wp-block-embed is-type-video is-provider-youtube wp-block-embed-youtube wp-embed-aspect-4-3 wp-has-aspect-ratio\"><div class=\"wp-block-embed__wrapper\">\n<iframe loading=\"lazy\" title=\"Zarate 1992 Club N\u00e1utico\" width=\"770\" height=\"578\" src=\"https:\/\/www.youtube.com\/embed\/sIbLy7-X2_s?start=101&#038;feature=oembed\" frameborder=\"0\" allow=\"accelerometer; autoplay; clipboard-write; encrypted-media; gyroscope; picture-in-picture\" allowfullscreen><\/iframe>\n<\/div><\/figure>\n\n\n\n<p>La intenci\u00f3n de fundar un club n\u00e1utico estaba en muchas personas, es as\u00ed como se tom\u00f3 la decisi\u00f3n de convocar a una reuni\u00f3n en el C\u00edrculo Popular de Cultura el mi\u00e9rcoles 28 de noviembre de 1928, aprob\u00e1ndose por unanimidad la moci\u00f3n de que la entidad se llamase&nbsp;<em>\u00abClub N\u00e1utico Z\u00e1rate\u00bb<\/em>. El 23 de Diciembre del mismo a\u00f1o, en la entonces sede social del club Defensores Unidos, que luego se conocer\u00eda como Cine Uni\u00f3n en la calle Castelli, se sanciona el estatuto. Poco tiempo despu\u00e9s aquellos j\u00f3venes se avocaron a la construcci\u00f3n de la sede del club, en un paraje inh\u00f3spito, donde todo estaba sin hacer. La primera obra fue la ampliaci\u00f3n e instalaci\u00f3n de la casilla que se hab\u00eda obtenido. Tr\u00e1pani y Palacios solicitaron al Ing. Aquiles Polito, gerente de la Usina, la donaci\u00f3n de 24 postes que sirvieron de pilotes. De la misma forma y con el aval de Caroni, gestionaron un cr\u00e9dito de $ 90,- a Catalino Inda, propietario de un almac\u00e9n de ramos generales que se encontraba frente a la Plaza Mitre, para la adquisici\u00f3n de chapas, maderas y clavos. Esto permiti\u00f3 ampliar la instalaci\u00f3n a 12m x 8m, distribuidos en galp\u00f3n de botes en el frente y vestuarios en la parte posterior. Al principio se cubr\u00eda el piso con aserr\u00edn, y luego de suspender varias kermeses debido a la inundaci\u00f3n, se encar\u00f3 el rellenado del piso . Esa tarea la hac\u00edan Armando Micheletti, Roberto Fraga, Juan Tr\u00e1pani, Eduardo Hotton y Manuel Ru\u00edz Moreno, acarreando en canoa, restos de tejas, baldosas y ladrillos, desde la antigua f\u00e1brica de tejas, del otro lado del r\u00edo.<\/p>\n\n\n\n<p><\/p>\n\n\n\n<p>A mediados de la d\u00e9cada 1930-40 se construy\u00f3 una rampa para bajar las embarcaciones desde el galp\u00f3n-casilla hasta el r\u00edo. El club contaba con 4 canoas compradas al Campana Boat Club, mientras que los primeros veleros fueron comprados al club N\u00e1utico San Pedro, el resto eran de propiedad particular. Durante la presidencia de Ra\u00fal Palacios, Rold\u00e1n Verg\u00e9z y Fernando Gotz, se construyen 20 canoas, un par doble, un single y un ocho. As\u00ed fue que empezaron a hacerse regatas de corto y luego de largo alcance.<\/p>\n\n\n\n<figure class=\"wp-block-image size-large\"><img loading=\"lazy\" decoding=\"async\" width=\"1024\" height=\"768\" src=\"https:\/\/web.cnz.org.ar\/wp-content\/uploads\/2021\/05\/8558.jpeg\" alt=\"\" class=\"wp-image-16517\" srcset=\"https:\/\/web.cnz.org.ar\/wp-content\/uploads\/2021\/05\/8558.jpeg 1024w, https:\/\/web.cnz.org.ar\/wp-content\/uploads\/2021\/05\/8558-300x225.jpeg 300w, https:\/\/web.cnz.org.ar\/wp-content\/uploads\/2021\/05\/8558-768x576.jpeg 768w, https:\/\/web.cnz.org.ar\/wp-content\/uploads\/2021\/05\/8558-370x278.jpeg 370w, https:\/\/web.cnz.org.ar\/wp-content\/uploads\/2021\/05\/8558-270x203.jpeg 270w, https:\/\/web.cnz.org.ar\/wp-content\/uploads\/2021\/05\/8558-570x428.jpeg 570w, https:\/\/web.cnz.org.ar\/wp-content\/uploads\/2021\/05\/8558-740x555.jpeg 740w, https:\/\/web.cnz.org.ar\/wp-content\/uploads\/2021\/05\/8558-80x60.jpeg 80w\" sizes=\"auto, (max-width: 1024px) 100vw, 1024px\" \/><figcaption class=\"wp-element-caption\"><strong>UN CLUB QUE CONTIN\u00daA CRECIENDO A\u00d1O A A\u00d1O.<\/strong><\/figcaption><\/figure>\n\n\n\n<p>En la d\u00e9cada 1950-1960 se adquiri\u00f3 una gran estructura met\u00e1lica con techo a dos aguas por $ 100.000,- que tuvo que ser solventada por varios socios, entre los que se encontraban Carlos Tr\u00e1pani, Amilton Miguel Tuculet, Enrique Gonz\u00e1lez, Ra\u00fal Palacios, Carlos Tonetti, F\u00e9liz y Juan Ibar, etc. y fue trasladada en un barco que suministr\u00f3 el entonces jefe del arsenal, Capit\u00e1n de Fragata H\u00e9ctor Fidanza. En los \u00faltimos 30 a\u00f1os el club comenz\u00f3 a transitar un camino de expansi\u00f3n, social y deportiva, con la construcci\u00f3n de importantes obras y un notable desarrollo en el campo deportivo.<\/p>\n\n\n\n<p>Hoy luego de 95 a\u00f1os de vida institucional, el orgullo nos invade a cada uno de los socios, y es lo que nos mueve a una preocupaci\u00f3n mayor por esta entidad cuya historia acabamos de evocar.<\/p>\n\n\n\n<p><em>Trabajo realizado por Juan Ernesto L\u00f3pez<\/em><\/p>\n","protected":false},"excerpt":{"rendered":"<p>A mediados de la d\u00e9cada 1920-30 la ciudad de Z\u00e1rate contaba con 24.000 habitantes, el desarrollo industrial era vertiginoso, y nuevas costumbres, acordes a la nueva realidad, se iban acrecentando en la sociedad local. Es en este ambiente donde va a nacer nuestra Instituci\u00f3n, teniendo como circunstancias inmediatas, las que seguidamente pasamos a comentar. Un [&hellip;]<\/p>\n","protected":false},"author":3,"featured_media":15947,"parent":0,"menu_order":0,"comment_status":"closed","ping_status":"closed","template":"","meta":{"footnotes":""},"class_list":["post-43","page","type-page","status-publish","has-post-thumbnail","hentry"],"_links":{"self":[{"href":"https:\/\/web.cnz.org.ar\/index.php?rest_route=\/wp\/v2\/pages\/43","targetHints":{"allow":["GET"]}}],"collection":[{"href":"https:\/\/web.cnz.org.ar\/index.php?rest_route=\/wp\/v2\/pages"}],"about":[{"href":"https:\/\/web.cnz.org.ar\/index.php?rest_route=\/wp\/v2\/types\/page"}],"author":[{"embeddable":true,"href":"https:\/\/web.cnz.org.ar\/index.php?rest_route=\/wp\/v2\/users\/3"}],"replies":[{"embeddable":true,"href":"https:\/\/web.cnz.org.ar\/index.php?rest_route=%2Fwp%2Fv2%2Fcomments&post=43"}],"version-history":[{"count":24,"href":"https:\/\/web.cnz.org.ar\/index.php?rest_route=\/wp\/v2\/pages\/43\/revisions"}],"predecessor-version":[{"id":20023,"href":"https:\/\/web.cnz.org.ar\/index.php?rest_route=\/wp\/v2\/pages\/43\/revisions\/20023"}],"wp:featuredmedia":[{"embeddable":true,"href":"https:\/\/web.cnz.org.ar\/index.php?rest_route=\/wp\/v2\/media\/15947"}],"wp:attachment":[{"href":"https:\/\/web.cnz.org.ar\/index.php?rest_route=%2Fwp%2Fv2%2Fmedia&parent=43"}],"curies":[{"name":"wp","href":"https:\/\/api.w.org\/{rel}","templated":true}]}}