{"id":59,"date":"2011-02-10T18:26:23","date_gmt":"2011-02-10T21:26:23","guid":{"rendered":"http:\/\/web.cnz.org.ar\/?page_id=59"},"modified":"2021-09-02T18:22:00","modified_gmt":"2021-09-02T18:22:00","slug":"servicios","status":"publish","type":"page","link":"https:\/\/web.cnz.org.ar\/?page_id=59","title":{"rendered":"Servicios"},"content":{"rendered":"\n<p><span class=\"has-inline-color has-gridlove-highlight-bg-color\">El Club N\u00e1utico Z\u00e1rate es una Instituci\u00f3n social, deportiva y cultural, con infraestructura ideal para el desarrollo de sus disciplinas, ya que cuenta con los espacios especializados para la realizaci\u00f3n de todas las actividades.<\/span><\/p>\n\n\n\n<figure class=\"wp-block-pullquote\"><blockquote><p>El CNZ es sin duda una Entidad modelo que promueve a trav\u00e9s de sus actividades la salud, la recreaci\u00f3n y la excelencia en la creaci\u00f3n de los medios para el desarrollo de las mismas.<\/p><\/blockquote><\/figure>\n\n\n\n<h2 class=\"wp-block-heading\"><\/h2>\n\n\n\n<figure class=\"wp-block-image size-large\"><img loading=\"lazy\" decoding=\"async\" width=\"1024\" height=\"576\" src=\"https:\/\/web.cnz.org.ar\/wp-content\/uploads\/2021\/04\/club-1024x576.jpg\" alt=\"\" class=\"wp-image-15429\" srcset=\"https:\/\/web.cnz.org.ar\/wp-content\/uploads\/2021\/04\/club-1024x576.jpg 1024w, https:\/\/web.cnz.org.ar\/wp-content\/uploads\/2021\/04\/club-300x169.jpg 300w, https:\/\/web.cnz.org.ar\/wp-content\/uploads\/2021\/04\/club-768x432.jpg 768w, https:\/\/web.cnz.org.ar\/wp-content\/uploads\/2021\/04\/club-1536x864.jpg 1536w, https:\/\/web.cnz.org.ar\/wp-content\/uploads\/2021\/04\/club-2048x1152.jpg 2048w, https:\/\/web.cnz.org.ar\/wp-content\/uploads\/2021\/04\/club-370x208.jpg 370w, https:\/\/web.cnz.org.ar\/wp-content\/uploads\/2021\/04\/club-270x152.jpg 270w, https:\/\/web.cnz.org.ar\/wp-content\/uploads\/2021\/04\/club-570x321.jpg 570w, https:\/\/web.cnz.org.ar\/wp-content\/uploads\/2021\/04\/club-740x416.jpg 740w\" sizes=\"auto, (max-width: 1024px) 100vw, 1024px\" \/><figcaption>Im\u00e1gen renderizada con obras a futuro<\/figcaption><\/figure>\n\n\n\n<ul class=\"wp-block-list\"><li>Dos d\u00e1rsenas para fondeo de embarcaciones con marinas flotantes.<\/li><li>Guarder\u00edas de lanchas, veleros monotipos, tablas, optimist y cadet.<\/li><li>Un varadero completo para reparaci\u00f3n de embarcaciones.<\/li><li>Amarres de cortes\u00eda y transitorias.<\/li><li>Un puente gr\u00faa para bajadas y subidas de lanchas.<\/li><li>Una torre para reparaci\u00f3n de m\u00e1stiles.<\/li><li>Servicio de radio costera LSD 946.<\/li><li>Pr\u00e1cticas de remo y yachting.<\/li><li>Cursos de conductor n\u00e1utico, timoneles para navegaci\u00f3n a vela y motor, patrones, buceo deportivo y nataci\u00f3n.<\/li><li>Escuela de remo, vela, nataci\u00f3n, voley, b\u00e1squet y ajedrez<\/li><li>Servicio m\u00e9dico de urgencia.<\/li><li>Servicio m\u00e9dico del deporte.<\/li><li>Camping con cuatro quinchos y parrillas.<\/li><li>Playa con arena y poca profundidad del r\u00edo.<\/li><li>Sector para pesca.<\/li><li>Escuela de M\u00fasica.<\/li><li>Sal\u00f3n de Usos M\u00faltiples Deportivo.<\/li><\/ul>\n\n\n\n<figure class=\"wp-block-image size-large\"><img loading=\"lazy\" decoding=\"async\" width=\"768\" height=\"1024\" src=\"https:\/\/web.cnz.org.ar\/wp-content\/uploads\/2021\/05\/002-768x1024.jpeg\" alt=\"SUM Deportivo\" class=\"wp-image-16443\" srcset=\"https:\/\/web.cnz.org.ar\/wp-content\/uploads\/2021\/05\/002-768x1024.jpeg 768w, https:\/\/web.cnz.org.ar\/wp-content\/uploads\/2021\/05\/002-225x300.jpeg 225w, https:\/\/web.cnz.org.ar\/wp-content\/uploads\/2021\/05\/002-370x493.jpeg 370w, https:\/\/web.cnz.org.ar\/wp-content\/uploads\/2021\/05\/002-270x360.jpeg 270w, https:\/\/web.cnz.org.ar\/wp-content\/uploads\/2021\/05\/002-570x760.jpeg 570w, https:\/\/web.cnz.org.ar\/wp-content\/uploads\/2021\/05\/002-740x987.jpeg 740w, https:\/\/web.cnz.org.ar\/wp-content\/uploads\/2021\/05\/002.jpeg 960w\" sizes=\"auto, (max-width: 768px) 100vw, 768px\" \/><figcaption><strong>SUM DEPORTIVO \/ INAUGURADO 28 DE NOVIEMBRE DE 2020.   <\/strong>                                                                                        <\/figcaption><\/figure>\n\n\n\n<figure class=\"wp-block-image size-large\"><img loading=\"lazy\" decoding=\"async\" width=\"1024\" height=\"768\" src=\"https:\/\/web.cnz.org.ar\/wp-content\/uploads\/2021\/04\/WhatsApp-Image-2021-04-28-at-13.49.16-1024x768.jpeg\" alt=\"\" class=\"wp-image-15823\" srcset=\"https:\/\/web.cnz.org.ar\/wp-content\/uploads\/2021\/04\/WhatsApp-Image-2021-04-28-at-13.49.16-1024x768.jpeg 1024w, https:\/\/web.cnz.org.ar\/wp-content\/uploads\/2021\/04\/WhatsApp-Image-2021-04-28-at-13.49.16-300x225.jpeg 300w, https:\/\/web.cnz.org.ar\/wp-content\/uploads\/2021\/04\/WhatsApp-Image-2021-04-28-at-13.49.16-768x576.jpeg 768w, https:\/\/web.cnz.org.ar\/wp-content\/uploads\/2021\/04\/WhatsApp-Image-2021-04-28-at-13.49.16-370x278.jpeg 370w, https:\/\/web.cnz.org.ar\/wp-content\/uploads\/2021\/04\/WhatsApp-Image-2021-04-28-at-13.49.16-270x203.jpeg 270w, https:\/\/web.cnz.org.ar\/wp-content\/uploads\/2021\/04\/WhatsApp-Image-2021-04-28-at-13.49.16-570x428.jpeg 570w, https:\/\/web.cnz.org.ar\/wp-content\/uploads\/2021\/04\/WhatsApp-Image-2021-04-28-at-13.49.16-740x555.jpeg 740w, https:\/\/web.cnz.org.ar\/wp-content\/uploads\/2021\/04\/WhatsApp-Image-2021-04-28-at-13.49.16-80x60.jpeg 80w, https:\/\/web.cnz.org.ar\/wp-content\/uploads\/2021\/04\/WhatsApp-Image-2021-04-28-at-13.49.16.jpeg 1280w\" sizes=\"auto, (max-width: 1024px) 100vw, 1024px\" \/><figcaption><strong>UN LUGAR \u00daNICO CON TODOS LOS SERVICIOS PARA QUE EL SCIO DISFRUTE DEL CLUB<\/strong>.<\/figcaption><\/figure>\n\n\n\n<figure class=\"wp-block-image size-large\"><img loading=\"lazy\" decoding=\"async\" width=\"1024\" height=\"768\" src=\"https:\/\/web.cnz.org.ar\/wp-content\/uploads\/2021\/05\/4646-1024x768.jpeg\" alt=\"\" class=\"wp-image-16308\" srcset=\"https:\/\/web.cnz.org.ar\/wp-content\/uploads\/2021\/05\/4646-1024x768.jpeg 1024w, https:\/\/web.cnz.org.ar\/wp-content\/uploads\/2021\/05\/4646-300x225.jpeg 300w, https:\/\/web.cnz.org.ar\/wp-content\/uploads\/2021\/05\/4646-768x576.jpeg 768w, https:\/\/web.cnz.org.ar\/wp-content\/uploads\/2021\/05\/4646-370x278.jpeg 370w, https:\/\/web.cnz.org.ar\/wp-content\/uploads\/2021\/05\/4646-270x203.jpeg 270w, https:\/\/web.cnz.org.ar\/wp-content\/uploads\/2021\/05\/4646-570x428.jpeg 570w, https:\/\/web.cnz.org.ar\/wp-content\/uploads\/2021\/05\/4646-740x555.jpeg 740w, https:\/\/web.cnz.org.ar\/wp-content\/uploads\/2021\/05\/4646-80x60.jpeg 80w, https:\/\/web.cnz.org.ar\/wp-content\/uploads\/2021\/05\/4646.jpeg 1280w\" sizes=\"auto, (max-width: 1024px) 100vw, 1024px\" \/><figcaption><strong>CONTAMOS CON UN COMPLEJO DEPORTIVO DE PRIMER NIVEL<\/strong>.<\/figcaption><\/figure>\n\n\n\n<figure class=\"wp-block-image size-large\"><img loading=\"lazy\" decoding=\"async\" width=\"1024\" height=\"768\" src=\"https:\/\/web.cnz.org.ar\/wp-content\/uploads\/2021\/05\/0223.jpeg\" alt=\"\" class=\"wp-image-16420\" srcset=\"https:\/\/web.cnz.org.ar\/wp-content\/uploads\/2021\/05\/0223.jpeg 1024w, https:\/\/web.cnz.org.ar\/wp-content\/uploads\/2021\/05\/0223-300x225.jpeg 300w, https:\/\/web.cnz.org.ar\/wp-content\/uploads\/2021\/05\/0223-768x576.jpeg 768w, https:\/\/web.cnz.org.ar\/wp-content\/uploads\/2021\/05\/0223-370x278.jpeg 370w, https:\/\/web.cnz.org.ar\/wp-content\/uploads\/2021\/05\/0223-270x203.jpeg 270w, https:\/\/web.cnz.org.ar\/wp-content\/uploads\/2021\/05\/0223-570x428.jpeg 570w, https:\/\/web.cnz.org.ar\/wp-content\/uploads\/2021\/05\/0223-740x555.jpeg 740w, https:\/\/web.cnz.org.ar\/wp-content\/uploads\/2021\/05\/0223-80x60.jpeg 80w\" sizes=\"auto, (max-width: 1024px) 100vw, 1024px\" \/><figcaption><strong>ESTADIO &#8220;JORGE O. GIOVAGNOLI&#8221;, DONDE SE LLEVAN A CABO ACTIVIDADES DEPORTIVAS Y EVENTOS<\/strong>.<\/figcaption><\/figure>\n\n\n\n<figure class=\"wp-block-image size-large\"><img loading=\"lazy\" decoding=\"async\" width=\"960\" height=\"640\" src=\"https:\/\/web.cnz.org.ar\/wp-content\/uploads\/2021\/04\/foodtruck.jpg\" alt=\"\" class=\"wp-image-15715\" srcset=\"https:\/\/web.cnz.org.ar\/wp-content\/uploads\/2021\/04\/foodtruck.jpg 960w, https:\/\/web.cnz.org.ar\/wp-content\/uploads\/2021\/04\/foodtruck-300x200.jpg 300w, https:\/\/web.cnz.org.ar\/wp-content\/uploads\/2021\/04\/foodtruck-768x512.jpg 768w, https:\/\/web.cnz.org.ar\/wp-content\/uploads\/2021\/04\/foodtruck-370x247.jpg 370w, https:\/\/web.cnz.org.ar\/wp-content\/uploads\/2021\/04\/foodtruck-270x180.jpg 270w, https:\/\/web.cnz.org.ar\/wp-content\/uploads\/2021\/04\/foodtruck-570x380.jpg 570w, https:\/\/web.cnz.org.ar\/wp-content\/uploads\/2021\/04\/foodtruck-740x493.jpg 740w\" sizes=\"auto, (max-width: 960px) 100vw, 960px\" \/><figcaption> <strong>LOGRAMOS ORGANIZAR DISTINTOS EVENTOS GRATUITOS PARA EL SOCIO CON UNA GRAN ACEPTACI\u00d3N.<\/strong><\/figcaption><\/figure>\n","protected":false},"excerpt":{"rendered":"<p>El Club N\u00e1utico Z\u00e1rate es una Instituci\u00f3n social, deportiva y cultural, con infraestructura ideal para el desarrollo de sus disciplinas, ya que cuenta con los espacios especializados para la realizaci\u00f3n de todas las actividades. El CNZ es sin duda una Entidad modelo que promueve a trav\u00e9s de sus actividades la salud, la recreaci\u00f3n y la [&hellip;]<\/p>\n","protected":false},"author":3,"featured_media":17411,"parent":0,"menu_order":0,"comment_status":"closed","ping_status":"closed","template":"","meta":{"footnotes":""},"class_list":["post-59","page","type-page","status-publish","has-post-thumbnail","hentry"],"_links":{"self":[{"href":"https:\/\/web.cnz.org.ar\/index.php?rest_route=\/wp\/v2\/pages\/59","targetHints":{"allow":["GET"]}}],"collection":[{"href":"https:\/\/web.cnz.org.ar\/index.php?rest_route=\/wp\/v2\/pages"}],"about":[{"href":"https:\/\/web.cnz.org.ar\/index.php?rest_route=\/wp\/v2\/types\/page"}],"author":[{"embeddable":true,"href":"https:\/\/web.cnz.org.ar\/index.php?rest_route=\/wp\/v2\/users\/3"}],"replies":[{"embeddable":true,"href":"https:\/\/web.cnz.org.ar\/index.php?rest_route=%2Fwp%2Fv2%2Fcomments&post=59"}],"version-history":[{"count":25,"href":"https:\/\/web.cnz.org.ar\/index.php?rest_route=\/wp\/v2\/pages\/59\/revisions"}],"predecessor-version":[{"id":17412,"href":"https:\/\/web.cnz.org.ar\/index.php?rest_route=\/wp\/v2\/pages\/59\/revisions\/17412"}],"wp:featuredmedia":[{"embeddable":true,"href":"https:\/\/web.cnz.org.ar\/index.php?rest_route=\/wp\/v2\/media\/17411"}],"wp:attachment":[{"href":"https:\/\/web.cnz.org.ar\/index.php?rest_route=%2Fwp%2Fv2%2Fmedia&parent=59"}],"curies":[{"name":"wp","href":"https:\/\/api.w.org\/{rel}","templated":true}]}}