{"id":61,"date":"2011-02-10T18:28:21","date_gmt":"2011-02-10T21:28:21","guid":{"rendered":"http:\/\/web.cnz.org.ar\/?page_id=61"},"modified":"2026-01-12T18:20:37","modified_gmt":"2026-01-12T18:20:37","slug":"autoridades","status":"publish","type":"page","link":"https:\/\/web.cnz.org.ar\/?page_id=61","title":{"rendered":"Autoridades"},"content":{"rendered":"<h3>COMISI\u00d3N DIRECTIVA:<\/h3>\n<ul>\n<li><strong>Presidente:<\/strong> Esteban Hugo Torchiana.<\/li>\n<li><strong>Vicepresidente:<\/strong> Enrique Santiago Perazzolo.<\/li>\n<li><strong>Secretaria:<\/strong> Carina Mar\u00eda de los Angeles Varisco.<\/li>\n<li><strong>Prosecretaria:<\/strong> Mariela De Zan.<\/li>\n<li><strong>Tesorero:\u00a0<\/strong>Marcela Piagna.<\/li>\n<li><strong>Pro-Tesorero:<\/strong> Reynaldo Marcelo Chialina.<\/li>\n<li><strong>Capit\u00e1n:<\/strong> Arturo Alejandro Fern\u00e1ndez.<\/li>\n<li><strong>Sub-Capit\u00e1n: <\/strong>Adri\u00e1n Cagione.<\/li>\n<li><strong>Vocales Titulares:<\/strong> Carlos Cladera.<\/li>\n<li><strong>Vocales Suplentes:<\/strong> Eduardo Ren\u00e9 Scarzello \u2022 Facundo Scafati \u2022 Antonio Jos\u00e9 Chiquilito.<\/li>\n<\/ul>\n<h3>COMISI\u00d3N REVISORA DE CUENTAS:<\/h3>\n<ul>\n<li><strong>Titulares:<\/strong> Natalia Gabriela Ramos \u2022 Carlos Alberto Ricci \u2022 Maximiliano Andronowicz.<\/li>\n<li><strong>Suplente:<\/strong> Sabrina Machado.<\/li>\n<\/ul>\n<h3>INTENDENTE:<\/h3>\n<ul>\n<li>Sr. Daniel Zaghet.<\/li>\n<\/ul>\n<h3>JEFE DE DEPORTES :<\/h3>\n<ul>\n<li>Sr. Bernardo Sayago.<\/li>\n<\/ul>\n","protected":false},"excerpt":{"rendered":"<p>COMISI\u00d3N DIRECTIVA: Presidente: Esteban Hugo Torchiana. Vicepresidente: Enrique Santiago Perazzolo. Secretaria: Carina Mar\u00eda de los Angeles Varisco. Prosecretaria: Mariela De Zan. Tesorero:\u00a0Marcela Piagna. Pro-Tesorero: Reynaldo Marcelo Chialina. Capit\u00e1n: Arturo Alejandro Fern\u00e1ndez. Sub-Capit\u00e1n: Adri\u00e1n Cagione. Vocales Titulares: Carlos Cladera. Vocales Suplentes: Eduardo Ren\u00e9 Scarzello \u2022 Facundo Scafati \u2022 Antonio Jos\u00e9 Chiquilito. COMISI\u00d3N REVISORA DE CUENTAS: Titulares: [&hellip;]<\/p>\n","protected":false},"author":3,"featured_media":0,"parent":0,"menu_order":0,"comment_status":"closed","ping_status":"closed","template":"","meta":{"footnotes":""},"class_list":["post-61","page","type-page","status-publish","hentry"],"_links":{"self":[{"href":"https:\/\/web.cnz.org.ar\/index.php?rest_route=\/wp\/v2\/pages\/61","targetHints":{"allow":["GET"]}}],"collection":[{"href":"https:\/\/web.cnz.org.ar\/index.php?rest_route=\/wp\/v2\/pages"}],"about":[{"href":"https:\/\/web.cnz.org.ar\/index.php?rest_route=\/wp\/v2\/types\/page"}],"author":[{"embeddable":true,"href":"https:\/\/web.cnz.org.ar\/index.php?rest_route=\/wp\/v2\/users\/3"}],"replies":[{"embeddable":true,"href":"https:\/\/web.cnz.org.ar\/index.php?rest_route=%2Fwp%2Fv2%2Fcomments&post=61"}],"version-history":[{"count":42,"href":"https:\/\/web.cnz.org.ar\/index.php?rest_route=\/wp\/v2\/pages\/61\/revisions"}],"predecessor-version":[{"id":20103,"href":"https:\/\/web.cnz.org.ar\/index.php?rest_route=\/wp\/v2\/pages\/61\/revisions\/20103"}],"wp:attachment":[{"href":"https:\/\/web.cnz.org.ar\/index.php?rest_route=%2Fwp%2Fv2%2Fmedia&parent=61"}],"curies":[{"name":"wp","href":"https:\/\/api.w.org\/{rel}","templated":true}]}}