{"id":65,"date":"2011-02-10T18:29:35","date_gmt":"2011-02-10T21:29:35","guid":{"rendered":"http:\/\/web.cnz.org.ar\/?page_id=65"},"modified":"2024-01-05T16:55:54","modified_gmt":"2024-01-05T16:55:54","slug":"meritos-deportivos","status":"publish","type":"page","link":"https:\/\/web.cnz.org.ar\/?page_id=65","title":{"rendered":"M\u00e9ritos Deportivos"},"content":{"rendered":"\n<figure class=\"wp-block-image size-large\"><img loading=\"lazy\" decoding=\"async\" width=\"1024\" height=\"723\" src=\"https:\/\/web.cnz.org.ar\/wp-content\/uploads\/2021\/04\/WhatsApp-Image-2021-04-28-at-15.57.20-1024x723.jpeg\" alt=\"\" class=\"wp-image-15845\" srcset=\"https:\/\/web.cnz.org.ar\/wp-content\/uploads\/2021\/04\/WhatsApp-Image-2021-04-28-at-15.57.20-1024x723.jpeg 1024w, https:\/\/web.cnz.org.ar\/wp-content\/uploads\/2021\/04\/WhatsApp-Image-2021-04-28-at-15.57.20-300x212.jpeg 300w, https:\/\/web.cnz.org.ar\/wp-content\/uploads\/2021\/04\/WhatsApp-Image-2021-04-28-at-15.57.20-768x542.jpeg 768w, https:\/\/web.cnz.org.ar\/wp-content\/uploads\/2021\/04\/WhatsApp-Image-2021-04-28-at-15.57.20-370x261.jpeg 370w, https:\/\/web.cnz.org.ar\/wp-content\/uploads\/2021\/04\/WhatsApp-Image-2021-04-28-at-15.57.20-270x191.jpeg 270w, https:\/\/web.cnz.org.ar\/wp-content\/uploads\/2021\/04\/WhatsApp-Image-2021-04-28-at-15.57.20-570x403.jpeg 570w, https:\/\/web.cnz.org.ar\/wp-content\/uploads\/2021\/04\/WhatsApp-Image-2021-04-28-at-15.57.20-740x523.jpeg 740w, https:\/\/web.cnz.org.ar\/wp-content\/uploads\/2021\/04\/WhatsApp-Image-2021-04-28-at-15.57.20.jpeg 1280w\" sizes=\"auto, (max-width: 1024px) 100vw, 1024px\" \/><\/figure>\n\n\n\n<p>Como sucede todos los a\u00f1os desde 1979, el Club distingue a sus deportistas destacados en las disciplinas federadas a\u00f1o tras a\u00f1o, celebrando en el mes de diciembre una fiesta, que es una tradici\u00f3n para el \u201dancla\u201d.<\/p>\n\n\n\n<p><strong>Los M\u00e9ritos Deportivos se eligen teniendo en cuenta los siguientes 10 valores:<\/strong><\/p>\n\n\n\n<ul class=\"wp-block-list\">\n<li>Presentismo<\/li>\n\n\n\n<li>Puntualidad<\/li>\n\n\n\n<li>Ansias de superaci\u00f3n<\/li>\n\n\n\n<li>Grado de entrega al esfuerzo<\/li>\n\n\n\n<li>Liderazgo positivo entre y hacia sus compa\u00f1eros<\/li>\n\n\n\n<li>Identificaci\u00f3n con el Club<\/li>\n\n\n\n<li>Trayectoria dentro de la actividad<\/li>\n\n\n\n<li>Compa\u00f1erismo<\/li>\n\n\n\n<li>Relaci\u00f3n con sus entrenadores<\/li>\n\n\n\n<li>Resultados obtenidos en competencia<\/li>\n<\/ul>\n\n\n<div class=\"mks_accordion\"><div class=\"mks_accordion_item\">\r\n            <div class=\"mks_accordion_heading\">M\u00e9ritos Remo<i class=\"fa fa-plus\"><\/i><i class=\"fa fa-minus\"><\/i><\/div>\r\n                <div class=\"mks_accordion_content\">\n<ol start=\"1979\">\n<li>\n<h6>Bortolatto, Walter<\/h6>\n<\/li>\n<li>\n<h6>Cerroni, Rodolfo<\/h6>\n<\/li>\n<li>\n<h6>Sant\u00f3rsola, Oscar<\/h6>\n<\/li>\n<li>\n<h6>Sceta, Daniel<\/h6>\n<\/li>\n<li>\n<h6>Francinetti, Sergio<\/h6>\n<\/li>\n<li>\n<h6>Alam, Ariel<\/h6>\n<\/li>\n<li>\n<h6>Guerci, Guillermo<\/h6>\n<\/li>\n<li>\n<h6>Bel, Leandro<\/h6>\n<\/li>\n<li>\n<h6>Fajardo, Daniel<\/h6>\n<\/li>\n<li>\n<h6>Caffaro, Rafael<\/h6>\n<\/li>\n<li>\n<h6>Pacheco, Mart\u00edn<\/h6>\n<\/li>\n<li>\n<h6>Fajardo, Daniel<\/h6>\n<\/li>\n<li>\n<h6>Knulst, Ruben<\/h6>\n<\/li>\n<li>\n<h6>Walsh, Guillermo<\/h6>\n<\/li>\n<li>\n<h6>Zapata, Fernando<\/h6>\n<\/li>\n<li>\n<h6>Knulst, Ruben<\/h6>\n<\/li>\n<li>\n<h6>Knulst, Ruben<\/h6>\n<\/li>\n<li>\n<h6>Sant\u00f3rsola, Oscar<\/h6>\n<\/li>\n<li>\n<h6>Knulst, Ruben<\/h6>\n<\/li>\n<li>\n<h6>Nine, Facundo<\/h6>\n<\/li>\n<li>\n<h6>Nine, Facundo<\/h6>\n<\/li>\n<li>\n<h6>Claus, Sebasti\u00e1n<\/h6>\n<\/li>\n<li>\n<h6>Mayol, Miguel<\/h6>\n<\/li>\n<li>\n<h6>Claus, Sebasti\u00e1n<\/h6>\n<\/li>\n<li>\n<h6>Claus, Sebasti\u00e1n<\/h6>\n<\/li>\n<li>\n<h6>Godoy, Mauricio E.<\/h6>\n<\/li>\n<li>\n<h6>Claus, Sebasti\u00e1n<\/h6>\n<\/li>\n<li>\n<h6>Siviero, Bruno<\/h6>\n<\/li>\n<li>\n<h6>Best, Mar\u00eda Gabriela<\/h6>\n<\/li>\n<li>\n<h6>Best, Mar\u00eda Gabriela<\/h6>\n<\/li>\n<li>\n<h6>Torres, Facundo<\/h6>\n<\/li>\n<li>\n<h6>Claus, Sebasti\u00e1n y Silvestro, Agust\u00edn<\/h6>\n<\/li>\n<li>\n<h6>Silvestro, Agust\u00edn<\/h6>\n<\/li>\n<li>\n<h6>Silvestro, Agust\u00edn y Mayol, Miguel<\/h6>\n<\/li>\n<li>\n<h6>Conte, Sof\u00eda<\/h6>\n<\/li>\n<li>\n<h6>Conte, Sof\u00eda<\/h6>\n<\/li>\n<li>\n<h6>Conte, Sof\u00eda<\/h6>\n<\/li>\n<li>\n<h6>Barrios, Lautaro<\/h6>\n<\/li>\n<li>\n<h6>Calvo, Franco<\/h6>\n<\/li>\n<li>\n<h6>Silvestro, Agust\u00edn<\/h6>\n<\/li>\n<li>\n<h6>Silvestro, Evelyn.<\/h6>\n<\/li>\n<li>\n<h6>No se realizaron por pandemia.<\/h6>\n<\/li>\n<li>\n<h6>Silvestro, Evelyn.<\/h6>\n<\/li>\n<li>\n<h6>Silvestro, Evelyn.<\/h6>\n<\/li>\n<li><strong>Silvestro, Evelyn.<\/strong><\/li>\n<\/ol>\n<\/div>\r\n            <\/div><div class=\"mks_accordion_item\">\r\n            <div class=\"mks_accordion_heading\">M\u00e9ritos B\u00e1squet<i class=\"fa fa-plus\"><\/i><i class=\"fa fa-minus\"><\/i><\/div>\r\n                <div class=\"mks_accordion_content\">\n<ol start=\"1979\">\n<li>\n<h6>Colella, Ruben<\/h6>\n<\/li>\n<li>\n<h6>Livisky, Mario<\/h6>\n<\/li>\n<li>\n<h6>Afonso, Luis<\/h6>\n<\/li>\n<li>\n<h6>Fern\u00e1ndez, Jos\u00e9 Luis<\/h6>\n<\/li>\n<li>\n<h6>Isola, Ra\u00fal<\/h6>\n<\/li>\n<li>\n<h6>Tallar, Luis<\/h6>\n<\/li>\n<li>\n<h6>Cuervo, Ariel<\/h6>\n<\/li>\n<li>\n<h6>Capdepon, Daniel<\/h6>\n<\/li>\n<li>\n<h6>Fern\u00e1ndez, Gabriel<\/h6>\n<\/li>\n<li>\n<h6>Aguirreburrualde, Juan<\/h6>\n<\/li>\n<li>\n<h6>Gatti, Mariano<\/h6>\n<\/li>\n<li>\n<h6>Maistrello, Leonardo<\/h6>\n<\/li>\n<li>\n<h6>Nash, Pablo<\/h6>\n<\/li>\n<li>\n<h6>Nizoli, Alfredo<\/h6>\n<\/li>\n<li>\n<h6>Alberti, Roberto<\/h6>\n<\/li>\n<li>\n<h6>Lalli, Juli\u00e1n<\/h6>\n<\/li>\n<li>\n<h6>Ritoli, Rodrigo<\/h6>\n<\/li>\n<li>\n<h6>Rodr\u00edguez, Victor M.<\/h6>\n<\/li>\n<li>\n<h6>Gimenez, Juan Pablo<\/h6>\n<\/li>\n<li>\n<h6>Melo, Mauro<\/h6>\n<\/li>\n<li>\n<h6>Suarez, Sebasti\u00e1n<\/h6>\n<\/li>\n<li>\n<h6>Pineda, David<\/h6>\n<\/li>\n<li>\n<h6>Suarez, Luciano<\/h6>\n<\/li>\n<li>\n<h6>G\u00f3mez, Alfredo<\/h6>\n<\/li>\n<li>\n<h6>Borrelli, Bruno<\/h6>\n<\/li>\n<li>\n<h6>Madoz, Facundo<\/h6>\n<\/li>\n<li>\n<h6>Antoine Tarri\u00e9, Gerardo<\/h6>\n<\/li>\n<li>\n<h6>Pineda, Dami\u00e1n<\/h6>\n<\/li>\n<li>\n<h6>Alza, Alberto<\/h6>\n<\/li>\n<li>\n<h6>Poggio, Ennio<\/h6>\n<\/li>\n<li>\n<h6>Pascolatt, Facundo<\/h6>\n<\/li>\n<li>\n<h6>Palucci, Federico<\/h6>\n<\/li>\n<li>\n<h6>Palacios, Lucas<\/h6>\n<\/li>\n<li>\n<h6>Antoine Tarri\u00e9, Gerardo<\/h6>\n<\/li>\n<li>\n<h6>G\u00f3mes, Gonzalo<\/h6>\n<\/li>\n<li>\n<h6>G\u00f3mes, Gonzalo<\/h6>\n<\/li>\n<li>\n<h6>Antoine Tarri\u00e9, Gerardo<\/h6>\n<\/li>\n<li>\n<h6>Guerci, Nicol\u00e1s<\/h6>\n<\/li>\n<li>\n<h6>Esp\u00edndola, Elian Homero<\/h6>\n<\/li>\n<li>\n<h6>Cracco, Joaqu\u00edn<\/h6>\n<\/li>\n<li>\n<h6>Repetto, Eros.<\/h6>\n<\/li>\n<li>\n<h6>No se realizaron por pandemia.<\/h6>\n<\/li>\n<li>\n<h6>Repetto, Eros<\/h6>\n<\/li>\n<li>\n<h6>Pacheco, Lorenzo<\/h6>\n<\/li>\n<li><strong>Pacheco, Lorenzo<\/strong><\/li>\n<\/ol>\n<\/div>\r\n            <\/div><div class=\"mks_accordion_item\">\r\n            <div class=\"mks_accordion_heading\">M\u00e9ritos Vela<i class=\"fa fa-plus\"><\/i><i class=\"fa fa-minus\"><\/i><\/div>\r\n                <div class=\"mks_accordion_content\">\n<ol start=\"1980\">\n<li>\n<h6>Guidi, Anah\u00ed<\/h6>\n<\/li>\n<li>\n<h6>Maceira, Gabriel<\/h6>\n<\/li>\n<li>\n<h6>Migliaro, Silvina<\/h6>\n<\/li>\n<li>\n<h6>Fern\u00e1ndez, Daniela<\/h6>\n<\/li>\n<li>\n<h6>Schneider, Gabriel<\/h6>\n<\/li>\n<li>\n<h6>Elorriaga, Gustavo<\/h6>\n<\/li>\n<li>\n<h6>Migliaro, Virginia<\/h6>\n<\/li>\n<li>\n<h6>Ibar, Ignacio<\/h6>\n<\/li>\n<li>\n<h6>Suris, Fernando<\/h6>\n<\/li>\n<li>\n<h6>Suris, Fernando<\/h6>\n<\/li>\n<li>\n<h6>Elorriaga, Gustavo<\/h6>\n<\/li>\n<li>\n<h6>Bard\u00f3n, Mart\u00edn<\/h6>\n<\/li>\n<li>\n<h6>Navari, Ezequiel<\/h6>\n<\/li>\n<li>\n<h6>Guille, Nicol\u00e1s<\/h6>\n<\/li>\n<li>\n<h6>Guille, Nicol\u00e1s<\/h6>\n<\/li>\n<li>\n<h6>Ruiz Moreno, Ignacio<\/h6>\n<\/li>\n<li>\n<h6>Guille, Nicol\u00e1s<\/h6>\n<\/li>\n<li>\n<h6>Corvalan, Alfredo<\/h6>\n<\/li>\n<li>\n<h6>Ruiz Moreno, Ignacio<\/h6>\n<\/li>\n<li>\n<h6>Ricci, Mart\u00edn<\/h6>\n<\/li>\n<li>\n<h6>Ricci, Mart\u00edn<\/h6>\n<\/li>\n<li>\n<h6>Pagadizabal, Jos\u00e9 U.<\/h6>\n<\/li>\n<li>\n<h6>Battista Palacios, G.<\/h6>\n<\/li>\n<li>\n<h6>Battista Palacios, G.<\/h6>\n<\/li>\n<li>\n<h6>Catani, Maximiliano<\/h6>\n<\/li>\n<li>\n<h6>Catani, Estefan\u00eda<\/h6>\n<\/li>\n<li>\n<h6>Corominas, Agust\u00edn<\/h6>\n<\/li>\n<li>\n<h6>Catani, Estefan\u00eda<\/h6>\n<\/li>\n<li>\n<h6>Catani, Estefan\u00eda<\/h6>\n<\/li>\n<li>\n<h6>Catani, Estefan\u00eda<\/h6>\n<\/li>\n<li>\n<h6>Catani, Valent\u00edn<\/h6>\n<\/li>\n<li>\n<h6>Miranda, Luc\u00eda<\/h6>\n<\/li>\n<li>\n<h6>Catani, Tomas<\/h6>\n<\/li>\n<li>\n<h6>Ateca, Mart\u00edn<\/h6>\n<\/li>\n<li>\n<h6>Ricci, Mart\u00edn<\/h6>\n<\/li>\n<li>\n<h6>Catani, Tom\u00e1s<\/h6>\n<\/li>\n<li>\n<h6>Adrados, Agus\u00edn<\/h6>\n<\/li>\n<li>\n<h6>Sant\u00f3rsola, Alejandro<\/h6>\n<\/li>\n<li>\n<h6>Dudych, Franco<\/h6>\n<\/li>\n<li>\n<h6>Chialina, Juan Felipe<\/h6>\n<\/li>\n<li>\n<h6>No se realizaron por pandemia.<\/h6>\n<\/li>\n<li>\n<h6>Antes, Germ\u00e1n<\/h6>\n<\/li>\n<li>\n<h6>Guille, Mateo<\/h6>\n<\/li>\n<li><strong>Mirey, Josefina<\/strong><\/li>\n<\/ol>\n<\/div>\r\n            <\/div><div class=\"mks_accordion_item\">\r\n            <div class=\"mks_accordion_heading\">M\u00e9ritos Nataci\u00f3n<i class=\"fa fa-plus\"><\/i><i class=\"fa fa-minus\"><\/i><\/div>\r\n                <div class=\"mks_accordion_content\">\n<ol start=\"1983\">\n<li>\n<h6>Glogowiec, Cintia<\/h6>\n<\/li>\n<li>\n<h6>Frediani, Mar\u00eda<\/h6>\n<\/li>\n<li>\n<h6>Pagnanelli, Hern\u00e1n<\/h6>\n<\/li>\n<li>\n<h6>Cribelli, Natalia<\/h6>\n<\/li>\n<li>\n<h6>Espinosa, Mar\u00eda L.<\/h6>\n<\/li>\n<li>\n<h6>Lampazo, Mariangeles<\/h6>\n<\/li>\n<li>\n<h6>Ravacchino, Jorge<\/h6>\n<\/li>\n<li>\n<h6>Negri, Luciano<\/h6>\n<\/li>\n<li>\n<h6>Perazzolo, Santiago<\/h6>\n<\/li>\n<li>\n<h6>Gamarra, Sergio<\/h6>\n<\/li>\n<li>\n<h6>Pagadizabal, Mar\u00eda<\/h6>\n<\/li>\n<li>\n<h6>Deleo, Guillermo<\/h6>\n<\/li>\n<li>\n<h6>Coarasa, Ana S.<\/h6>\n<\/li>\n<li>\n<h6>Lessi, Cecilia<\/h6>\n<\/li>\n<li>\n<h6>Coarasa, Ana S.<\/h6>\n<\/li>\n<li>\n<h6>Deleo, Guillermo<\/h6>\n<\/li>\n<li>\n<h6>Deleo, Guillermo<\/h6>\n<\/li>\n<li>\n<h6>Deleo, Guillermo<\/h6>\n<\/li>\n<li>\n<h6>Mustacciolo, Marisol<\/h6>\n<\/li>\n<li>\n<h6>Mustacciolo, Marisol<\/h6>\n<\/li>\n<li>\n<h6>Bracconi, Jorge<\/h6>\n<\/li>\n<li>\n<h6>Bracconi, Jorge<\/h6>\n<\/li>\n<li>\n<h6>Bracconi, Jorge<\/h6>\n<\/li>\n<li>\n<h6>Bracconi, Jorge<\/h6>\n<\/li>\n<li>\n<h6>Garea, Nicol\u00e1s<\/h6>\n<\/li>\n<li>\n<h6>Garea, Nicol\u00e1s<\/h6>\n<\/li>\n<li>\n<h6>P\u00e9rez, Luc\u00eda<\/h6>\n<\/li>\n<li>\n<h6>Garea, Mar\u00eda Eugenia<\/h6>\n<\/li>\n<li>\n<h6>Mart\u00ednez Zaffalon, Manuela<\/h6>\n<\/li>\n<li>\n<h6>Giachello, Lucas<\/h6>\n<\/li>\n<li>\n<h6>Giachello, Lucas<\/h6>\n<\/li>\n<li>\n<h6>Frei, Manuela<\/h6>\n<\/li>\n<li>\n<h6>Chiquilito, Franco<\/h6>\n<\/li>\n<li>\n<h6>Ascaso, Gabriel<\/h6>\n<\/li>\n<li>\n<h6>Ascaso, Gabriel<\/h6>\n<\/li>\n<li>\n<h6>Ben\u00edtez, Paulo<\/h6>\n<\/li>\n<li>\n<h6>Ascaso, Gabriel<\/h6>\n<\/li>\n<li>\n<h6>No se realizaron por pandemia<\/h6>\n<\/li>\n<li>\n<h6>Ben\u00edtez, Paulo<\/h6>\n<\/li>\n<li>\n<h6>Brescacin, Antonella<\/h6>\n<\/li>\n<li><strong>Hillkirk Gusm\u00e1n, German<\/strong><\/li>\n<\/ol>\n<\/div>\r\n            <\/div><div class=\"mks_accordion_item\">\r\n            <div class=\"mks_accordion_heading\">M\u00e9ritos Voley<i class=\"fa fa-plus\"><\/i><i class=\"fa fa-minus\"><\/i><\/div>\r\n                <div class=\"mks_accordion_content\">\n<h6>1985. Mayol, Norma<\/h6>\n<ol start=\"1986\">\n<li>\n<h6>Castelanelli, Mariana<\/h6>\n<\/li>\n<li>\n<h6>Boxovanos, Karina<\/h6>\n<\/li>\n<li>\n<h6>Saunders, Mercedes<\/h6>\n<\/li>\n<li>\n<h6>Favret, Mar\u00eda E.<\/h6>\n<\/li>\n<li>\n<h6>Hefferman, Luciana<\/h6>\n<\/li>\n<li>\n<h6>Perez Quartesan, M.<\/h6>\n<\/li>\n<li>\n<h6>Perez Quartesan, M.<\/h6>\n<\/li>\n<li>\n<h6>Rodr\u00edguez, Silvia<\/h6>\n<\/li>\n<li>\n<h6>Heffernan, Luciana<\/h6>\n<\/li>\n<li>\n<h6>Pastore, Daniela<\/h6>\n<\/li>\n<li>\n<h6>Verdi, Romina<\/h6>\n<\/li>\n<li>\n<h6>Heffernan, Luciana<\/h6>\n<\/li>\n<li>\n<h6>Heffernan, Luciana<\/h6>\n<\/li>\n<li>\n<h6>Schang, Yanil<\/h6>\n<\/li>\n<li>\n<h6>Portechella, M. Laura<\/h6>\n<\/li>\n<li>\n<h6>Sosa, Rocio<\/h6>\n<\/li>\n<li>\n<h6>Garc\u00eda, M. Florencia<\/h6>\n<\/li>\n<li>\n<h6>Heffernan, Luciana<\/h6>\n<\/li>\n<li>\n<h6>Girardi, Mar\u00eda Paula<\/h6>\n<\/li>\n<li>\n<h6>Cobo, Mar\u00eda Laura<\/h6>\n<\/li>\n<li>\n<h6>Lacognata, M. Salome<\/h6>\n<\/li>\n<li>\n<h6>Marinig, Flavia<\/h6>\n<\/li>\n<li>\n<h6>Rodr\u00edguez, Johana<\/h6>\n<\/li>\n<li>\n<h6>Garc\u00eda, Florencia<\/h6>\n<\/li>\n<li>\n<h6>Escuin, B\u00e1rbara<\/h6>\n<\/li>\n<li>\n<h6>Lynn, Silvina<\/h6>\n<\/li>\n<li>\n<h6>Deza, Azul<\/h6>\n<\/li>\n<li>\n<h6>Rodr\u00edguez Schatz, Eliana<\/h6>\n<\/li>\n<li>\n<h6>Rodr\u00edguez Schatz, Victoria<\/h6>\n<\/li>\n<li>\n<h6>Rodr\u00edguez Schatz, Victoria<\/h6>\n<\/li>\n<li>\n<h6>Rodr\u00edguez Schatz, Victoria<\/h6>\n<\/li>\n<li>\n<h6>Rodr\u00edguez Schatz, Victoria<\/h6>\n<\/li>\n<li>\n<h6>Cianchetta, Silvana<\/h6>\n<\/li>\n<li>\n<h6>Aguirreburualde, Julieta<\/h6>\n<\/li>\n<li>\n<h6>No se realizaron por pandemia.<\/h6>\n<\/li>\n<li>\n<h6>Ins\u00faa, Valeria<\/h6>\n<\/li>\n<li>\n<h6>Aguirreburualde, Julieta<\/h6>\n<\/li>\n<li><strong>Comelli, Luc\u00eda<\/strong><\/li>\n<\/ol>\n<\/div>\r\n            <\/div><div class=\"mks_accordion_item\">\r\n            <div class=\"mks_accordion_heading\">M\u00e9ritos Ajedrez<i class=\"fa fa-plus\"><\/i><i class=\"fa fa-minus\"><\/i><\/div>\r\n                <div class=\"mks_accordion_content\">\n<ol start=\"1988\">\n<li>\n<h6>Moreda, Lucas<\/h6>\n<\/li>\n<li>\n<h6>Dellamagiora, Rolando<\/h6>\n<\/li>\n<li>\n<h6>Calderoni, Fernando<\/h6>\n<\/li>\n<li>\n<h6>Moreda, Lucas<\/h6>\n<\/li>\n<li>\n<h6>Moreda, Lucas<\/h6>\n<\/li>\n<li>\n<h6>Moreda, Lucas<\/h6>\n<\/li>\n<li>\n<h6>Colaneri, Mat\u00edas<\/h6>\n<\/li>\n<li>\n<h6>Vallejos, Esteban<\/h6>\n<\/li>\n<li>\n<h6>Vallejos, Esteban<\/h6>\n<\/li>\n<li>\n<h6>Risotti, Laureano<\/h6>\n<\/li>\n<li>\n<h6>Bulo, Paulo<\/h6>\n<\/li>\n<li>\n<h6>Parma, Pamela<\/h6>\n<\/li>\n<li>\n<h6>Parma, Pamela<\/h6>\n<\/li>\n<li>\n<h6>Parma, Pamela<\/h6>\n<\/li>\n<li>\n<h6>P\u00e9rez Ponsa, Federico<\/h6>\n<\/li>\n<li>\n<h6>Alza, Agust\u00edn<\/h6>\n<\/li>\n<li>\n<h6>Alza, Agust\u00edn<\/h6>\n<\/li>\n<li>\n<h6>Henricot, Lucas Axel<\/h6>\n<\/li>\n<li>\n<h6>Suz\u00e1n, Mariana<\/h6>\n<\/li>\n<li>\n<h6>Suz\u00e1n, Mariana<\/h6>\n<\/li>\n<li>\n<h6>Scarzello, Alejandro<\/h6>\n<\/li>\n<li>\n<h6>Scarzello, Alejandro<\/h6>\n<\/li>\n<li>\n<h6>Cobos, Ignacio<\/h6>\n<\/li>\n<li>\n<h6>Campastri, Lautaro<\/h6>\n<\/li>\n<li>\n<h6>Campastri, Lautaro<\/h6>\n<\/li>\n<li>\n<h6>Palacios, Juan Mart\u00edn<\/h6>\n<\/li>\n<li>\n<h6>Carranza, Santino<\/h6>\n<\/li>\n<li>\n<h6>Carranza, Santino<\/h6>\n<\/li>\n<li>\n<h6>D\u00edaz de la Vi\u00f1a, Agust\u00edn<\/h6>\n<\/li>\n<li>\n<h6>D\u00edaz de la Vi\u00f1a, Agust\u00edn<\/h6>\n<\/li>\n<li>\n<h6>D\u00edaz de la Vi\u00f1a, Agust\u00edn<\/h6>\n<\/li>\n<li>\n<h6>Quinteros, Mateo<\/h6>\n<\/li>\n<li>\n<h6>No se realizaron por pandemia<\/h6>\n<\/li>\n<li>\n<h6>Quinteros, Mateo<\/h6>\n<\/li>\n<li>\n<h6>Quinteros, Benicio<\/h6>\n<\/li>\n<li><strong>Kratzer, Pilar<\/strong><\/li>\n<\/ol>\n<\/div>\r\n            <\/div><div class=\"mks_accordion_item\">\r\n            <div class=\"mks_accordion_heading\">M\u00e9ritos Waterpolo<i class=\"fa fa-plus\"><\/i><i class=\"fa fa-minus\"><\/i><\/div>\r\n                <div class=\"mks_accordion_content\">\n<ol start=\"2007\">\n<li>\n<h6>Frangella, Enrique<\/h6>\n<\/li>\n<li>\n<h6>Sboro, Mauricio<\/h6>\n<\/li>\n<li>\n<h6>Sboro, Mauricio<\/h6>\n<\/li>\n<li>\n<h6>Gauna, Pablo<\/h6>\n<\/li>\n<\/ol>\n<\/div>\r\n            <\/div><\/div>","protected":false},"excerpt":{"rendered":"<p>Como sucede todos los a\u00f1os desde 1979, el Club distingue a sus deportistas destacados en las disciplinas federadas a\u00f1o tras a\u00f1o, celebrando en el mes de diciembre una fiesta, que es una tradici\u00f3n para el \u201dancla\u201d. Los M\u00e9ritos Deportivos se eligen teniendo en cuenta los siguientes 10 valores:<\/p>\n","protected":false},"author":3,"featured_media":0,"parent":0,"menu_order":0,"comment_status":"closed","ping_status":"closed","template":"","meta":{"footnotes":""},"class_list":["post-65","page","type-page","status-publish","hentry"],"_links":{"self":[{"href":"https:\/\/web.cnz.org.ar\/index.php?rest_route=\/wp\/v2\/pages\/65","targetHints":{"allow":["GET"]}}],"collection":[{"href":"https:\/\/web.cnz.org.ar\/index.php?rest_route=\/wp\/v2\/pages"}],"about":[{"href":"https:\/\/web.cnz.org.ar\/index.php?rest_route=\/wp\/v2\/types\/page"}],"author":[{"embeddable":true,"href":"https:\/\/web.cnz.org.ar\/index.php?rest_route=\/wp\/v2\/users\/3"}],"replies":[{"embeddable":true,"href":"https:\/\/web.cnz.org.ar\/index.php?rest_route=%2Fwp%2Fv2%2Fcomments&post=65"}],"version-history":[{"count":16,"href":"https:\/\/web.cnz.org.ar\/index.php?rest_route=\/wp\/v2\/pages\/65\/revisions"}],"predecessor-version":[{"id":20031,"href":"https:\/\/web.cnz.org.ar\/index.php?rest_route=\/wp\/v2\/pages\/65\/revisions\/20031"}],"wp:attachment":[{"href":"https:\/\/web.cnz.org.ar\/index.php?rest_route=%2Fwp%2Fv2%2Fmedia&parent=65"}],"curies":[{"name":"wp","href":"https:\/\/api.w.org\/{rel}","templated":true}]}}